{"id":8177,"date":"2022-10-14T12:22:40","date_gmt":"2022-10-14T16:22:40","guid":{"rendered":"https:\/\/holycrossretreat.org\/?page_id=8177"},"modified":"2023-03-14T13:39:20","modified_gmt":"2023-03-14T17:39:20","slug":"order-of-franciscans-secular","status":"publish","type":"page","link":"https:\/\/holycrossretreat.org\/es\/order-of-franciscans-secular\/","title":{"rendered":"Orden Franciscana Seglar"},"content":{"rendered":"<section class=\"l-section wpb_row height_huge with_img\"><div class=\"l-section-img\" role=\"img\" aria-label=\"Imagen\" data-img-width=\"2420\" data-img-height=\"1061\" style=\"background-image: url(https:\/\/holycrossretreat.org\/wp-content\/uploads\/2022\/09\/Mural-completed-best-scaled.jpg);\"><\/div><div class=\"l-section-overlay\" style=\"background:rgba(0,0,0,0.6)\"><\/div><div class=\"l-section-h i-cf\"><div class=\"g-cols vc_row via_flex valign_top type_default stacking_default\"><div class=\"vc_col-sm-12 wpb_column vc_column_container\"><div class=\"vc_column-inner\"><div class=\"wpb_wrapper\"><div class=\"wpb_text_column us_custom_6df4bc3a has_text_color\"><div class=\"wpb_wrapper\"><h2><strong>Orden de los Franciscanos Seglares<\/strong><span style=\"color: #ffffff;\"><strong><br \/>\n<\/strong><\/span><\/h2>\n<\/div><\/div><\/div><\/div><\/div><\/div><\/div><\/section><section class=\"l-section wpb_row height_medium\"><div class=\"l-section-h i-cf\"><div class=\"g-cols vc_row via_flex valign_top type_default stacking_default\"><div class=\"vc_col-sm-12 wpb_column vc_column_container\"><div class=\"vc_column-inner\"><div class=\"wpb_wrapper\"><div class=\"wpb_text_column\"><div class=\"wpb_wrapper\"><p>La Orden Franciscana Seglar fue formada por San Francisco de As\u00eds para aquellas personas que no pod\u00edan unirse a la Orden de Hermanos y Sacerdotes oa las Clarisas. Son laicos que quieren vivir el evangelio en la alegr\u00eda y el servicio, y forman parte de una fraternidad. Tienen un tiempo de formaci\u00f3n para conocer gente y aprender sobre la Orden y un grupo activo comprometido en servir a los dem\u00e1s y fortalecerse unos a otros. La Fraternidad de Nuestra Se\u00f1ora de Guadalupe se re\u00fane en el Centro de Retiro Santa Cruz. Para m\u00e1s informaci\u00f3n puede ponerse en contacto con Lori Grumet en <a class=\"VL8GHd\" href=\"mailto:lagrumet@gmail.com\" target=\"_blank\" rel=\"noopener\"><span dir=\"ltr\" data-tooltip=\"Send email\">lagrumet@gmail.com<\/span><\/a> o <a class=\"VL8GHd\" href=\"tel:+13257251689\" target=\"_blank\" rel=\"noopener\"><span dir=\"ltr\" data-tooltip=\"Call phone (+13257251689)\">325 725 1689,<\/span><\/a> o puedes ver esto <strong><a href=\"https:\/\/holycrossretreat.org\/wp-content\/uploads\/2023\/02\/ComeAndSee-Brochure.pdf\">folleto.<\/a><\/strong><\/p>\n<\/div><\/div><\/div><\/div><\/div><\/div><\/div><\/section><section class=\"l-section wpb_row height_medium\"><div class=\"l-section-h i-cf\"><div class=\"g-cols vc_row via_flex valign_top type_default stacking_default\"><div class=\"vc_col-sm-12 wpb_column vc_column_container\"><div class=\"vc_column-inner\"><div class=\"wpb_wrapper\"><div class=\"wpb_text_column\"><div class=\"wpb_wrapper\"><p>A continuaci\u00f3n se muestra una imagen de la mayor\u00eda de los miembros de la fraternidad y algunos invitados cuando los tres en el centro del frente fueron bienvenidos a la candidatura, y uno de los miembros del Consejo de la Fraternidad fue elegido en septiembre de 2022.<\/p>\n<\/div><\/div><div class=\"w-separator size_small\"><\/div><\/div><\/div><\/div><div class=\"vc_col-sm-6 wpb_column vc_column_container\"><div class=\"vc_column-inner\"><div class=\"wpb_wrapper\"><div class=\"w-image align_center\"><a ref=\"magnificPopup\" href=\"https:\/\/holycrossretreat.org\/wp-content\/uploads\/2022\/11\/fraternity-gathering-for-candidate-acceptance-11-6-22.jpg\" aria-label=\"reuni\u00f3n de fraternidad para la aceptaci\u00f3n de candidatos 11 6 22\" class=\"w-image-h\"><img decoding=\"async\" width=\"1024\" height=\"768\" src=\"https:\/\/holycrossretreat.org\/wp-content\/uploads\/2022\/11\/fraternity-gathering-for-candidate-acceptance-11-6-22-1024x768.jpg\" class=\"attachment-large size-large\" alt=\"\" loading=\"lazy\" srcset=\"https:\/\/holycrossretreat.org\/wp-content\/uploads\/2022\/11\/fraternity-gathering-for-candidate-acceptance-11-6-22-1024x768.jpg 1024w, https:\/\/holycrossretreat.org\/wp-content\/uploads\/2022\/11\/fraternity-gathering-for-candidate-acceptance-11-6-22-600x450.jpg 600w, https:\/\/holycrossretreat.org\/wp-content\/uploads\/2022\/11\/fraternity-gathering-for-candidate-acceptance-11-6-22-300x225.jpg 300w, https:\/\/holycrossretreat.org\/wp-content\/uploads\/2022\/11\/fraternity-gathering-for-candidate-acceptance-11-6-22-16x12.jpg 16w, https:\/\/holycrossretreat.org\/wp-content\/uploads\/2022\/11\/fraternity-gathering-for-candidate-acceptance-11-6-22-150x113.jpg 150w, https:\/\/holycrossretreat.org\/wp-content\/uploads\/2022\/11\/fraternity-gathering-for-candidate-acceptance-11-6-22-533x400.jpg 533w, https:\/\/holycrossretreat.org\/wp-content\/uploads\/2022\/11\/fraternity-gathering-for-candidate-acceptance-11-6-22-50x38.jpg 50w, https:\/\/holycrossretreat.org\/wp-content\/uploads\/2022\/11\/fraternity-gathering-for-candidate-acceptance-11-6-22.jpg 2048w\" sizes=\"auto, (max-width: 1024px) 100vw, 1024px\" \/><\/a><\/div><\/div><\/div><\/div><div class=\"vc_col-sm-6 wpb_column vc_column_container\"><div class=\"vc_column-inner\"><div class=\"wpb_wrapper\"><div class=\"w-image align_center\"><a ref=\"magnificPopup\" href=\"https:\/\/holycrossretreat.org\/wp-content\/uploads\/2022\/10\/2022-ofs-council-scaled.jpg\" aria-label=\"consejo de ofs 2022\" class=\"w-image-h\"><img decoding=\"async\" width=\"1024\" height=\"768\" src=\"https:\/\/holycrossretreat.org\/wp-content\/uploads\/2022\/10\/2022-ofs-council-1024x768.jpg\" class=\"attachment-large size-large\" alt=\"\" loading=\"lazy\" srcset=\"https:\/\/holycrossretreat.org\/wp-content\/uploads\/2022\/10\/2022-ofs-council-1024x768.jpg 1024w, https:\/\/holycrossretreat.org\/wp-content\/uploads\/2022\/10\/2022-ofs-council-scaled-600x450.jpg 600w, https:\/\/holycrossretreat.org\/wp-content\/uploads\/2022\/10\/2022-ofs-council-300x225.jpg 300w, https:\/\/holycrossretreat.org\/wp-content\/uploads\/2022\/10\/2022-ofs-council-16x12.jpg 16w, https:\/\/holycrossretreat.org\/wp-content\/uploads\/2022\/10\/2022-ofs-council-150x113.jpg 150w, https:\/\/holycrossretreat.org\/wp-content\/uploads\/2022\/10\/2022-ofs-council-533x400.jpg 533w, https:\/\/holycrossretreat.org\/wp-content\/uploads\/2022\/10\/2022-ofs-council-50x38.jpg 50w\" sizes=\"auto, (max-width: 1024px) 100vw, 1024px\" \/><\/a><\/div><\/div><\/div><\/div><\/div><\/div><\/section>","protected":false},"excerpt":{"rendered":"Orden de Franciscanos Seglares La Orden Franciscana Seglar fue formada por San Francisco de As\u00eds para aquellas personas que no pod\u00edan unirse a la Orden de Hermanos y Sacerdotes o de las Clarisas. Son laicos que quieren vivir el evangelio con alegr\u00eda y servicio, y forman parte de una fraternidad. Ellos...","protected":false},"author":1,"featured_media":0,"parent":0,"menu_order":0,"comment_status":"closed","ping_status":"closed","template":"","meta":{"_monsterinsights_skip_tracking":false,"_monsterinsights_sitenote_active":false,"_monsterinsights_sitenote_note":"","_monsterinsights_sitenote_category":0,"footnotes":""},"class_list":["post-8177","page","type-page","status-publish","hentry"],"_links":{"self":[{"href":"https:\/\/holycrossretreat.org\/es\/wp-json\/wp\/v2\/pages\/8177","targetHints":{"allow":["GET"]}}],"collection":[{"href":"https:\/\/holycrossretreat.org\/es\/wp-json\/wp\/v2\/pages"}],"about":[{"href":"https:\/\/holycrossretreat.org\/es\/wp-json\/wp\/v2\/types\/page"}],"author":[{"embeddable":true,"href":"https:\/\/holycrossretreat.org\/es\/wp-json\/wp\/v2\/users\/1"}],"replies":[{"embeddable":true,"href":"https:\/\/holycrossretreat.org\/es\/wp-json\/wp\/v2\/comments?post=8177"}],"version-history":[{"count":25,"href":"https:\/\/holycrossretreat.org\/es\/wp-json\/wp\/v2\/pages\/8177\/revisions"}],"predecessor-version":[{"id":8395,"href":"https:\/\/holycrossretreat.org\/es\/wp-json\/wp\/v2\/pages\/8177\/revisions\/8395"}],"wp:attachment":[{"href":"https:\/\/holycrossretreat.org\/es\/wp-json\/wp\/v2\/media?parent=8177"}],"curies":[{"name":"wp","href":"https:\/\/api.w.org\/{rel}","templated":true}]}}