{"id":8060,"date":"2022-09-14T16:45:27","date_gmt":"2022-09-14T20:45:27","guid":{"rendered":"https:\/\/holycrossretreat.org\/?page_id=8060"},"modified":"2026-03-17T13:18:36","modified_gmt":"2026-03-17T17:18:36","slug":"franciscan-earth-initiative","status":"publish","type":"page","link":"https:\/\/holycrossretreat.org\/es\/franciscan-earth-initiative\/","title":{"rendered":"Franciscan Earth Care Initiative"},"content":{"rendered":"<section class=\"l-section wpb_row height_medium\"><div class=\"l-section-h i-cf\"><div class=\"g-cols vc_row via_flex valign_top type_default stacking_default\"><div class=\"vc_col-sm-6 wpb_column vc_column_container\"><div class=\"vc_column-inner\"><div class=\"wpb_wrapper\"><div class=\"wpb_text_column\"><div class=\"wpb_wrapper\"><p><img loading=\"lazy\" decoding=\"async\" class=\"alignnone size-full wp-image-10001\" src=\"https:\/\/holycrossretreat.org\/wp-content\/uploads\/2026\/03\/EarthcareInitiative.png\" alt=\"\" width=\"225\" height=\"225\" srcset=\"https:\/\/holycrossretreat.org\/wp-content\/uploads\/2026\/03\/EarthcareInitiative.png 225w, https:\/\/holycrossretreat.org\/wp-content\/uploads\/2026\/03\/EarthcareInitiative-150x150.png 150w, https:\/\/holycrossretreat.org\/wp-content\/uploads\/2026\/03\/EarthcareInitiative-12x12.png 12w, https:\/\/holycrossretreat.org\/wp-content\/uploads\/2026\/03\/EarthcareInitiative-50x50.png 50w\" sizes=\"auto, (max-width: 225px) 100vw, 225px\" \/><\/p>\n<\/div><\/div><\/div><\/div><\/div><div class=\"vc_col-sm-6 wpb_column vc_column_container\"><div class=\"vc_column-inner\"><div class=\"wpb_wrapper\"><div class=\"wpb_text_column\"><div class=\"wpb_wrapper\"><p><strong>Laudato Si\u2019 Committee: Working Together to Protect the Earth<\/strong><\/p>\n<p>In November 2018, the Conventual Franciscan Friars of the Province of Our Lady of Consolation launched the Franciscan Earth Care Initiative, celebrating the Franciscan tradition of honoring nature, the environment, and our planet. Much has happened within our Province since that time!\u00a0 Holy Cross Retreat Center responded to this initiative by forming the Laudato Si\u2019 Committee, and ecumenical group that promotes environmental stewardship and sustainability into our everyday lives in southern New Mexico.<\/p>\n<p><strong>Holy Cross Retreat Center, along with the Province, through the Franciscan Earth Care Initiative, has committed to the following activities and more:<\/strong><\/p>\n<ul>\n<li>Solar installations at HCRC.<\/li>\n<li>Building renovations using recycled and sustainable materials and resources.<\/li>\n<li>Educating retreatants and members of our local community about caring for the environment and appreciating the beauty of our desert climate and natural mountain range.<\/li>\n<li>Providing educational programs and speakers incorporating nature and spirituality to bring greater awareness of the importance of respecting and protecting the environment.<\/li>\n<li>Ways in which the friars and the community can work together to protect the earth.<\/li>\n<\/ul>\n<p>Un comit\u00e9 ecum\u00e9nico se re\u00fane peri\u00f3dicamente durante el a\u00f1o para promover la acci\u00f3n y la concienciaci\u00f3n dentro de una variedad de iglesias y de la ciudad.<\/p>\n<\/div><\/div><\/div><\/div><\/div><\/div><\/div><\/section><section class=\"l-section wpb_row height_medium\"><div class=\"l-section-h i-cf\"><div class=\"g-cols vc_row via_flex valign_top type_default stacking_default\"><div class=\"vc_col-sm-12 wpb_column vc_column_container\"><div class=\"vc_column-inner\"><div class=\"wpb_wrapper\"><div class=\"wpb_text_column\"><div class=\"wpb_wrapper\"><p>El lunes 17 de octubre de 2022 se llev\u00f3 a cabo una proyecci\u00f3n p\u00fablica de la pel\u00edcula \u201cLa Carta, un mensaje para nuestra Tierra\u201d con el Papa Francisco en el Centro de Retiros de la Santa Cruz. La pel\u00edcula de una hora y media es una promoci\u00f3n adicional de la enc\u00edclica \u201cLaudato \u00a1S\u00ed!\u201d nos llama a cuidar de toda la creaci\u00f3n, humana y de la naturaleza. Es una c\u00e1lida historia de c\u00f3mo el Papa invita a personas de todo el mundo a reunirse en Roma, pero es un mensaje serio. Despu\u00e9s hablamos de lo que nos da esperanza. Puedes verlo t\u00fa mismo en<\/p>\n<p><iframe loading=\"lazy\" title=\"The Pope, the Environmental Crisis, and Frontline Leaders | The Letter: Laudato Si Film\" width=\"640\" height=\"360\" src=\"https:\/\/www.youtube.com\/embed\/Rps9bs85BII?feature=oembed\" frameborder=\"0\" allow=\"accelerometer; autoplay; clipboard-write; encrypted-media; gyroscope; picture-in-picture\" allowfullscreen><\/iframe><\/p>\n<\/div><\/div><\/div><\/div><\/div><\/div><\/div><\/section><section class=\"l-section wpb_row height_medium\"><div class=\"l-section-h i-cf\"><div class=\"g-cols vc_row via_flex valign_top type_default stacking_default\"><div class=\"vc_col-sm-12 wpb_column vc_column_container\"><div class=\"vc_column-inner\"><div class=\"wpb_wrapper\"><div class=\"w-image align_none\"><div class=\"w-image-h\"><img decoding=\"async\" width=\"600\" height=\"400\" src=\"https:\/\/holycrossretreat.org\/wp-content\/uploads\/2022\/10\/A-Prayer-for-the-Earth-following-The-Letter-600x400.png\" class=\"attachment-us_600_400_crop size-us_600_400_crop\" alt=\"\" loading=\"lazy\" \/><\/div><\/div><\/div><\/div><\/div><\/div><\/div><\/section><section class=\"l-section wpb_row height_medium\"><div class=\"l-section-h i-cf\"><div class=\"g-cols vc_row via_flex valign_top type_default stacking_default\"><div class=\"vc_col-sm-6 wpb_column vc_column_container\"><div class=\"vc_column-inner\"><div class=\"wpb_wrapper\"><div class=\"wpb_text_column\"><div class=\"wpb_wrapper\"><p>El Papa Francisco public\u00f3 una enc\u00edclica llamada <span style=\"text-decoration: underline;\">\u00a1Laudato, Si!,<\/span> el 24 de mayo de 2015. La enc\u00edclica tiene como subt\u00edtulo \u201cSobre el cuidado de nuestra casa com\u00fan\u201d. En \u00e9l, el Papa critica el consumismo y el desarrollo irresponsable, lamenta la degradaci\u00f3n ambiental y el calentamiento global, y llama a todas las personas del mundo a tomar &quot;acci\u00f3n global r\u00e1pida y unificada&quot;.<\/p>\n<p>Junto con muchas otras entidades, Holy Cross Retreat Center ha formado un Laudato, Si! comit\u00e9 para promover la educaci\u00f3n, la conversi\u00f3n ecol\u00f3gica y la acci\u00f3n sobre los objetivos de la enc\u00edclica. El comit\u00e9 plane\u00f3 y organiz\u00f3 una conmemoraci\u00f3n del D\u00eda de la Tierra el 22 de abril de 2022 con diez presentadores sobre varios temas, el comienzo de un mural al aire libre y la plantaci\u00f3n de un \u00e1rbol rojo resistente a la sequ\u00eda en medio de nuestro laberinto con la ayuda de Jeff Anderson de la Sociedad de Extensi\u00f3n de NMSU.<\/p>\n<p>The committee has continued meeting monthly to develop a better understanding of how we can learn and prepare our specific goals.\u00a0 The Mural entitled &#8220;St. Francis of the Southwest&#8221; and completed by Linda Hagen with help from others, depicts St. Francis of Assisi surrounded by 36 different creatures in a desert environment.\u00a0 It relates how we can care for all around us and live in peace.\u00a0 The 10 feet by 20 feet mural was dedicated and blessed on August 28, 2022.<\/p>\n<\/div><\/div><\/div><\/div><\/div><div class=\"vc_col-sm-6 wpb_column vc_column_container\"><div class=\"vc_column-inner\"><div class=\"wpb_wrapper\"><div class=\"w-image align_none\"><div class=\"w-image-h\"><img decoding=\"async\" width=\"1024\" height=\"768\" src=\"https:\/\/holycrossretreat.org\/wp-content\/uploads\/2022\/09\/Earth-Day-22-planting-tree-1024x768.jpg\" class=\"attachment-large size-large\" alt=\"\" loading=\"lazy\" srcset=\"https:\/\/holycrossretreat.org\/wp-content\/uploads\/2022\/09\/Earth-Day-22-planting-tree-1024x768.jpg 1024w, https:\/\/holycrossretreat.org\/wp-content\/uploads\/2022\/09\/Earth-Day-22-planting-tree-600x450.jpg 600w, https:\/\/holycrossretreat.org\/wp-content\/uploads\/2022\/09\/Earth-Day-22-planting-tree-300x225.jpg 300w, https:\/\/holycrossretreat.org\/wp-content\/uploads\/2022\/09\/Earth-Day-22-planting-tree-16x12.jpg 16w, https:\/\/holycrossretreat.org\/wp-content\/uploads\/2022\/09\/Earth-Day-22-planting-tree-533x400.jpg 533w, https:\/\/holycrossretreat.org\/wp-content\/uploads\/2022\/09\/Earth-Day-22-planting-tree-150x113.jpg 150w, https:\/\/holycrossretreat.org\/wp-content\/uploads\/2022\/09\/Earth-Day-22-planting-tree-50x38.jpg 50w, https:\/\/holycrossretreat.org\/wp-content\/uploads\/2022\/09\/Earth-Day-22-planting-tree.jpg 2048w\" sizes=\"auto, (max-width: 1024px) 100vw, 1024px\" \/><\/div><\/div><div class=\"w-separator size_small\"><\/div><div class=\"w-image align_none\"><div class=\"w-image-h\"><img decoding=\"async\" width=\"600\" height=\"263\" src=\"https:\/\/holycrossretreat.org\/wp-content\/uploads\/2022\/09\/Mural-completed-best-600x263.jpg\" class=\"attachment-us_600_400 size-us_600_400\" alt=\"\" loading=\"lazy\" srcset=\"https:\/\/holycrossretreat.org\/wp-content\/uploads\/2022\/09\/Mural-completed-best-600x263.jpg 600w, https:\/\/holycrossretreat.org\/wp-content\/uploads\/2022\/09\/Mural-completed-best-300x132.jpg 300w, https:\/\/holycrossretreat.org\/wp-content\/uploads\/2022\/09\/Mural-completed-best-1024x449.jpg 1024w, https:\/\/holycrossretreat.org\/wp-content\/uploads\/2022\/09\/Mural-completed-best-18x8.jpg 18w, https:\/\/holycrossretreat.org\/wp-content\/uploads\/2022\/09\/Mural-completed-best-150x66.jpg 150w, https:\/\/holycrossretreat.org\/wp-content\/uploads\/2022\/09\/Mural-completed-best-50x22.jpg 50w\" sizes=\"auto, (max-width: 600px) 100vw, 600px\" \/><\/div><\/div><\/div><\/div><\/div><\/div><\/div><\/section><section class=\"l-section wpb_row height_medium\"><div class=\"l-section-h i-cf\"><div class=\"g-cols vc_row via_flex valign_top type_default stacking_default\"><div class=\"vc_col-sm-12 wpb_column vc_column_container\"><div class=\"vc_column-inner\"><div class=\"wpb_wrapper\"><div class=\"wpb_text_column\"><div class=\"wpb_wrapper\"><p>Soy bloque de texto. Haga clic en el bot\u00f3n Editar para cambiar este texto. Lorem ipsum dolor sit amet, consectetur adipiscing elit. Ut elit tellus, luctus nec ullamcorper mattis, pulvinar dapibus leo.<\/p>\n<\/div><\/div><\/div><\/div><\/div><\/div><\/div><\/section>","protected":false},"excerpt":{"rendered":"Laudato Si\u2019 Committee: Working Together to Protect the Earth In November 2018, the Conventual Franciscan Friars of the Province of Our Lady of Consolation launched the Franciscan Earth Care Initiative, celebrating the Franciscan tradition of honoring nature, the environment, and our planet. Much has happened within our Province since that time!\u00a0 Holy Cross Retreat Center...","protected":false},"author":1,"featured_media":0,"parent":0,"menu_order":0,"comment_status":"closed","ping_status":"closed","template":"","meta":{"_monsterinsights_skip_tracking":false,"_monsterinsights_sitenote_active":false,"_monsterinsights_sitenote_note":"","_monsterinsights_sitenote_category":0,"footnotes":""},"class_list":["post-8060","page","type-page","status-publish","hentry"],"_links":{"self":[{"href":"https:\/\/holycrossretreat.org\/es\/wp-json\/wp\/v2\/pages\/8060","targetHints":{"allow":["GET"]}}],"collection":[{"href":"https:\/\/holycrossretreat.org\/es\/wp-json\/wp\/v2\/pages"}],"about":[{"href":"https:\/\/holycrossretreat.org\/es\/wp-json\/wp\/v2\/types\/page"}],"author":[{"embeddable":true,"href":"https:\/\/holycrossretreat.org\/es\/wp-json\/wp\/v2\/users\/1"}],"replies":[{"embeddable":true,"href":"https:\/\/holycrossretreat.org\/es\/wp-json\/wp\/v2\/comments?post=8060"}],"version-history":[{"count":41,"href":"https:\/\/holycrossretreat.org\/es\/wp-json\/wp\/v2\/pages\/8060\/revisions"}],"predecessor-version":[{"id":10002,"href":"https:\/\/holycrossretreat.org\/es\/wp-json\/wp\/v2\/pages\/8060\/revisions\/10002"}],"wp:attachment":[{"href":"https:\/\/holycrossretreat.org\/es\/wp-json\/wp\/v2\/media?parent=8060"}],"curies":[{"name":"wp","href":"https:\/\/api.w.org\/{rel}","templated":true}]}}