{"id":8032,"date":"2022-08-26T13:41:13","date_gmt":"2022-08-26T17:41:13","guid":{"rendered":"https:\/\/holycrossretreat.org\/?page_id=8032"},"modified":"2025-03-27T18:16:18","modified_gmt":"2025-03-27T22:16:18","slug":"private-retreats-hermitage","status":"publish","type":"page","link":"https:\/\/holycrossretreat.org\/es\/private-retreats-hermitage\/","title":{"rendered":"Retiros Privados\/Ermita"},"content":{"rendered":"<p><img loading=\"lazy\" decoding=\"async\" class=\"alignnone size-medium wp-image-8672\" src=\"https:\/\/holycrossretreat.org\/wp-content\/uploads\/2023\/06\/bed-kitchenette-and-side-table-300x225.jpg\" alt=\"\" width=\"300\" height=\"225\" srcset=\"https:\/\/holycrossretreat.org\/wp-content\/uploads\/2023\/06\/bed-kitchenette-and-side-table-300x225.jpg 300w, https:\/\/holycrossretreat.org\/wp-content\/uploads\/2023\/06\/bed-kitchenette-and-side-table-scaled-600x450.jpg 600w, https:\/\/holycrossretreat.org\/wp-content\/uploads\/2023\/06\/bed-kitchenette-and-side-table-1024x768.jpg 1024w, https:\/\/holycrossretreat.org\/wp-content\/uploads\/2023\/06\/bed-kitchenette-and-side-table-16x12.jpg 16w, https:\/\/holycrossretreat.org\/wp-content\/uploads\/2023\/06\/bed-kitchenette-and-side-table-150x113.jpg 150w, https:\/\/holycrossretreat.org\/wp-content\/uploads\/2023\/06\/bed-kitchenette-and-side-table-533x400.jpg 533w, https:\/\/holycrossretreat.org\/wp-content\/uploads\/2023\/06\/bed-kitchenette-and-side-table-50x38.jpg 50w\" sizes=\"auto, (max-width: 300px) 100vw, 300px\" \/><section class=\"l-section wpb_row height_medium\"><div class=\"l-section-h i-cf\"><div class=\"g-cols vc_row via_flex valign_top type_default stacking_default\"><div class=\"vc_col-sm-12 wpb_column vc_column_container\"><div class=\"vc_column-inner\"><div class=\"wpb_wrapper\"><div class=\"w-image align_none\"><div class=\"w-image-h\"><img decoding=\"async\" width=\"1024\" height=\"768\" src=\"https:\/\/holycrossretreat.org\/wp-content\/uploads\/2023\/06\/front-view-of-2nd-hermitage-in-afternoon-1024x768.jpg\" class=\"attachment-large size-large\" alt=\"\" loading=\"lazy\" srcset=\"https:\/\/holycrossretreat.org\/wp-content\/uploads\/2023\/06\/front-view-of-2nd-hermitage-in-afternoon-1024x768.jpg 1024w, https:\/\/holycrossretreat.org\/wp-content\/uploads\/2023\/06\/front-view-of-2nd-hermitage-in-afternoon-scaled-600x450.jpg 600w, https:\/\/holycrossretreat.org\/wp-content\/uploads\/2023\/06\/front-view-of-2nd-hermitage-in-afternoon-300x225.jpg 300w, https:\/\/holycrossretreat.org\/wp-content\/uploads\/2023\/06\/front-view-of-2nd-hermitage-in-afternoon-16x12.jpg 16w, https:\/\/holycrossretreat.org\/wp-content\/uploads\/2023\/06\/front-view-of-2nd-hermitage-in-afternoon-150x113.jpg 150w, https:\/\/holycrossretreat.org\/wp-content\/uploads\/2023\/06\/front-view-of-2nd-hermitage-in-afternoon-533x400.jpg 533w, https:\/\/holycrossretreat.org\/wp-content\/uploads\/2023\/06\/front-view-of-2nd-hermitage-in-afternoon-50x38.jpg 50w\" sizes=\"auto, (max-width: 1024px) 100vw, 1024px\" \/><\/div><\/div><div class=\"wpb_text_column\"><div class=\"wpb_wrapper\"><p><img loading=\"lazy\" decoding=\"async\" class=\"wp-image-7767 size-medium\" src=\"https:\/\/holycrossretreat.org\/wp-content\/uploads\/2022\/04\/Hermitage-at-dawn-7-19-300x197.jpg\" alt=\"\" width=\"300\" height=\"197\" srcset=\"https:\/\/holycrossretreat.org\/wp-content\/uploads\/2022\/04\/Hermitage-at-dawn-7-19-300x197.jpg 300w, https:\/\/holycrossretreat.org\/wp-content\/uploads\/2022\/04\/Hermitage-at-dawn-7-19-18x12.jpg 18w, https:\/\/holycrossretreat.org\/wp-content\/uploads\/2022\/04\/Hermitage-at-dawn-7-19-150x99.jpg 150w, https:\/\/holycrossretreat.org\/wp-content\/uploads\/2022\/04\/Hermitage-at-dawn-7-19.jpg 538w, https:\/\/holycrossretreat.org\/wp-content\/uploads\/2022\/04\/Hermitage-at-dawn-7-19-50x33.jpg 50w\" sizes=\"auto, (max-width: 300px) 100vw, 300px\" \/><\/p>\n<p>Dos nuevas ermitas para oraci\u00f3n privada, sab\u00e1tico o artistas. Tambi\u00e9n pueden ser utilizadas por parejas. Contamos con... <a href=\"https:\/\/holycrossretreat.org\/wp-content\/uploads\/2025\/03\/Hermitages-and-private-retreats-brochure-2025.pdf\"><strong><em>folleto <\/em><\/strong><\/a>con una descripci\u00f3n m\u00e1s detallada de la ermita. Uno contiene una cama full size y el otro una cama queen size, mesa, mecedora, cocineta y ba\u00f1o completo con regadera. Esto brinda espacio para la oraci\u00f3n en silencio, un retiro prolongado, un a\u00f1o sab\u00e1tico o alg\u00fan tipo de enfoque art\u00edstico. Puedes venir por un par de d\u00edas o un par de meses o m\u00e1s. Tambi\u00e9n puede reservar una de las habitaciones en el centro de retiro para momentos de tranquilidad y oraci\u00f3n personal. Ll\u00e1manos para m\u00e1s detalles. 575 524 3688 o <a href=\"\/es\/programs@holycrossretreat.org\/\">programs@holycrossretreat.org<\/a><\/p>\n<p><strong>\u00bfQui\u00e9n viene al Hermitage?<\/strong><\/p>\n<ul>\n<li>Individuos que est\u00e1n en transici\u00f3n en sus vidas y discerniendo el pr\u00f3ximo paso en sus viajes;<\/li>\n<li>Aquellos que buscan profundizar su vida de fe con tiempo extra de tranquilidad.<\/li>\n<li>Mujeres y hombres religiosos, ministros laicos y ordenados, rabinos, personas en profesiones curativas, educadores, escritores y otras personas que necesitan un tiempo fuera de sus ocupadas vidas de servicio.<\/li>\n<li>Personas que sienten que les falta algo, o que est\u00e1n experimentando un vac\u00edo, y quieren explorar formas de vivir una vida m\u00e1s afectuosa y plena.<\/li>\n<li>Escritores que buscan un lugar hermoso y c\u00f3modo para concentrarse.<\/li>\n<li>Artistas que buscan un momento de creatividad sin interrupciones.<\/li>\n<li>Personas que no saben lo que buscan pero saben que necesitan m\u00e1s silencio y espacio para descubrir lo que buscan.<\/li>\n<li>Personas que les guste meditar en paz.<\/li>\n<\/ul>\n<p>&nbsp;<\/p>\n<\/div><\/div><\/div><\/div><\/div><\/div><\/div><\/section>","protected":false},"excerpt":{"rendered":"Dos nuevas ermitas para oraci\u00f3n privada, sab\u00e1tico o artistas. Tambi\u00e9n pueden ser utilizadas por parejas. Disponemos de un folleto con una descripci\u00f3n m\u00e1s detallada de la ermita. Una cuenta con una cama matrimonial y la otra con una cama queen, mesa, mecedora, cocineta y ba\u00f1o completo con ducha. Esto ofrece espacio para...","protected":false},"author":1,"featured_media":9590,"parent":0,"menu_order":0,"comment_status":"closed","ping_status":"closed","template":"","meta":{"_monsterinsights_skip_tracking":false,"_monsterinsights_sitenote_active":false,"_monsterinsights_sitenote_note":"","_monsterinsights_sitenote_category":0,"footnotes":""},"class_list":["post-8032","page","type-page","status-publish","has-post-thumbnail","hentry"],"_links":{"self":[{"href":"https:\/\/holycrossretreat.org\/es\/wp-json\/wp\/v2\/pages\/8032","targetHints":{"allow":["GET"]}}],"collection":[{"href":"https:\/\/holycrossretreat.org\/es\/wp-json\/wp\/v2\/pages"}],"about":[{"href":"https:\/\/holycrossretreat.org\/es\/wp-json\/wp\/v2\/types\/page"}],"author":[{"embeddable":true,"href":"https:\/\/holycrossretreat.org\/es\/wp-json\/wp\/v2\/users\/1"}],"replies":[{"embeddable":true,"href":"https:\/\/holycrossretreat.org\/es\/wp-json\/wp\/v2\/comments?post=8032"}],"version-history":[{"count":27,"href":"https:\/\/holycrossretreat.org\/es\/wp-json\/wp\/v2\/pages\/8032\/revisions"}],"predecessor-version":[{"id":9592,"href":"https:\/\/holycrossretreat.org\/es\/wp-json\/wp\/v2\/pages\/8032\/revisions\/9592"}],"wp:featuredmedia":[{"embeddable":true,"href":"https:\/\/holycrossretreat.org\/es\/wp-json\/wp\/v2\/media\/9590"}],"wp:attachment":[{"href":"https:\/\/holycrossretreat.org\/es\/wp-json\/wp\/v2\/media?parent=8032"}],"curies":[{"name":"wp","href":"https:\/\/api.w.org\/{rel}","templated":true}]}}