{"id":7770,"date":"2022-04-29T04:39:00","date_gmt":"2022-04-29T08:39:00","guid":{"rendered":"https:\/\/holycrossretreat.org\/?page_id=7770"},"modified":"2023-01-09T10:47:02","modified_gmt":"2023-01-09T15:47:02","slug":"donate","status":"publish","type":"page","link":"https:\/\/holycrossretreat.org\/es\/donate\/","title":{"rendered":"Donar"},"content":{"rendered":"<section class=\"l-section wpb_row height_huge with_img\"><div class=\"l-section-img\" role=\"img\" aria-label=\"Imagen\" data-img-width=\"1200\" data-img-height=\"899\" style=\"background-image: url(https:\/\/holycrossretreat.org\/wp-content\/uploads\/2022\/04\/holy-cross-retreat-center-1.jpg);\"><\/div><div class=\"l-section-overlay\" style=\"background:rgba(0,0,0,0.6)\"><\/div><div class=\"l-section-h i-cf\"><div class=\"g-cols vc_row via_flex valign_top type_default stacking_default\"><div class=\"vc_col-sm-12 wpb_column vc_column_container\"><div class=\"vc_column-inner\"><div class=\"wpb_wrapper\"><div class=\"wpb_text_column\"><div class=\"wpb_wrapper\"><h2><span style=\"color: #ffffff;\"><strong>Donate<\/strong><\/span><\/h2>\n<\/div><\/div><\/div><\/div><\/div><\/div><\/div><\/section><section class=\"l-section wpb_row height_medium\"><div class=\"l-section-h i-cf\"><div class=\"g-cols vc_row via_flex valign_top type_default stacking_default\"><div class=\"vc_col-sm-6 wpb_column vc_column_container\"><div class=\"vc_column-inner\"><div class=\"wpb_wrapper\"><div class=\"w-separator size_medium\"><\/div>\n\t<div class=\"wpb_raw_code wpb_raw_html wpb_content_element us_custom_909b2fd0\" >\n\t\t<div class=\"wpb_wrapper\">\n\t\t\t<div class=\"qgiv-embed-container\" data-qgiv-embed=\"true\" data-embed-id=\"64626\" data-embed=\"https:\/\/secure.qgiv.com\/for\/w-p\/embed\/64626\/\" data-width=\"630\"><\/div>\n<script>(function(w, d, s, id){var js, fjs = d.getElementsByTagName(s)[0];if (d.getElementById(id)) return;js = d.createElement(s); js.id = id;js.src = \"https:\/\/secure.qgiv.com\/resources\/core\/js\/embed.js\";fjs.parentNode.insertBefore(js, fjs);})(window, document, 'script', 'qgiv-embedjs');<\/script>\n\t\t<\/div>\n\t<\/div>\n<\/div><\/div><\/div><div class=\"vc_col-sm-6 wpb_column vc_column_container\"><div class=\"vc_column-inner\"><div class=\"wpb_wrapper\"><div class=\"w-image align_center\"><div class=\"w-image-h\"><img decoding=\"async\" width=\"512\" height=\"1024\" src=\"https:\/\/holycrossretreat.org\/wp-content\/uploads\/2022\/04\/donate-512x1024.png\" class=\"attachment-large size-large\" alt=\"\" loading=\"lazy\" srcset=\"https:\/\/holycrossretreat.org\/wp-content\/uploads\/2022\/04\/donate-512x1024.png 512w, https:\/\/holycrossretreat.org\/wp-content\/uploads\/2022\/04\/donate-600x1200.png 600w, https:\/\/holycrossretreat.org\/wp-content\/uploads\/2022\/04\/donate-150x300.png 150w, https:\/\/holycrossretreat.org\/wp-content\/uploads\/2022\/04\/donate-6x12.png 6w, https:\/\/holycrossretreat.org\/wp-content\/uploads\/2022\/04\/donate-75x150.png 75w, https:\/\/holycrossretreat.org\/wp-content\/uploads\/2022\/04\/donate-200x400.png 200w, https:\/\/holycrossretreat.org\/wp-content\/uploads\/2022\/04\/donate-50x100.png 50w, https:\/\/holycrossretreat.org\/wp-content\/uploads\/2022\/04\/donate.png 700w\" sizes=\"auto, (max-width: 512px) 100vw, 512px\" \/><\/div><\/div><\/div><\/div><\/div><\/div><\/div><\/section><section class=\"l-section wpb_row us_custom_5cd26a65 height_medium\"><div class=\"l-section-h i-cf\"><div class=\"g-cols vc_row via_flex valign_top type_default stacking_default\" style=\"--additional-gap:15px;\"><div class=\"vc_col-sm-4 wpb_column vc_column_container has_bg_color\"><div class=\"vc_column-inner us_custom_4fa36bd4\"><div class=\"wpb_wrapper\"><div class=\"w-iconbox iconpos_left style_default color_custom align_left\"><div class=\"w-iconbox-icon\" style=\"font-size:2rem;--icon-color:#ee5226;--icon-bg-color:#e8e8e8;\"><i class=\"fas fa-envelope\"><\/i><\/div><div class=\"w-iconbox-meta\"><h4 class=\"w-iconbox-title\">Donate by Mail<\/h4><div class=\"w-iconbox-text\"><div class=\"description-text text\">\n<p>To donate by check or to a specific cause, please complete this <a href=\"#\">donation form<\/a> by printing and mailing to:<\/p>\n<p><strong>Holy Cross Retreat Center<\/strong><br \/>\n600 Holy Cross Rd<br \/>\nMesilla Park, NM 88047<\/p>\n<p><a href=\"#\">Print Donation Form<\/a><\/div>\n<\/div><\/div><\/div><\/div><\/div><\/div><div class=\"vc_col-sm-4 wpb_column vc_column_container has_bg_color\"><div class=\"vc_column-inner us_custom_4fa36bd4\"><div class=\"wpb_wrapper\"><div class=\"w-iconbox iconpos_left style_default color_custom align_left\"><div class=\"w-iconbox-icon\" style=\"font-size:2rem;--icon-color:#ee5226;--icon-bg-color:#e8e8e8;\"><i class=\"fas fa-phone\"><\/i><\/div><div class=\"w-iconbox-meta\"><h4 class=\"w-iconbox-title\">Donate by Phone<\/h4><div class=\"w-iconbox-text\"><div class=\"description-text text\">\n<p>To donate by phone or to get assistance with your donation, please contact us at:<\/p>\n<h5 style=\"text-align: center;\">1-575-524-3688<\/h5>\n<\/div>\n<\/div><\/div><\/div><\/div><\/div><\/div><div class=\"vc_col-sm-4 wpb_column vc_column_container has_bg_color\"><div class=\"vc_column-inner us_custom_4fa36bd4\"><div class=\"wpb_wrapper\"><div class=\"w-iconbox iconpos_left style_default color_custom align_left\"><div class=\"w-iconbox-icon\" style=\"font-size:2rem;--icon-color:#ee5226;--icon-bg-color:#e8e8e8;\"><i class=\"fas fa-dollar-sign\"><\/i><\/div><div class=\"w-iconbox-meta\"><h4 class=\"w-iconbox-title\">Tax Information<\/h4><div class=\"w-iconbox-text\"><div class=\"description-text text\">\n<p>Holy Cross Retreat Center is registered as a 501(c)(3) non-profit organization. Contributions to Holy Cross Retreat Center are tax-deductible to the extent permitted by law. Holy Cross Retreat Center&#8217;s tax identification number is <span class=\"TextRun SCXW32385878 BCX0\" lang=\"EN-US\" xml:lang=\"EN-US\" data-contrast=\"auto\"><span class=\"NormalTextRun SCXW32385878 BCX0\">xx-xxxxxxx<\/span><\/span>.<\/div>\n<\/div><\/div><\/div><\/div><\/div><\/div><\/div><\/div><\/section>\n","protected":false},"excerpt":{"rendered":"Donar Donar por correo Para donar con cheque o para una causa espec\u00edfica, complete este formulario de donaci\u00f3n imprimi\u00e9ndolo y envi\u00e1ndolo por correo a: Holy Cross Retreat Center 600 Holy Cross Rd Mesilla Park, NM 88047 Imprima el formulario de donaci\u00f3n Done por tel\u00e9fono Para donar por tel\u00e9fono o a obtenga ayuda con su donaci\u00f3n, por favor cont\u00e1ctenos...","protected":false},"author":1,"featured_media":0,"parent":0,"menu_order":0,"comment_status":"closed","ping_status":"closed","template":"","meta":{"_monsterinsights_skip_tracking":false,"_monsterinsights_sitenote_active":false,"_monsterinsights_sitenote_note":"","_monsterinsights_sitenote_category":0,"footnotes":""},"class_list":["post-7770","page","type-page","status-publish","hentry"],"_links":{"self":[{"href":"https:\/\/holycrossretreat.org\/es\/wp-json\/wp\/v2\/pages\/7770","targetHints":{"allow":["GET"]}}],"collection":[{"href":"https:\/\/holycrossretreat.org\/es\/wp-json\/wp\/v2\/pages"}],"about":[{"href":"https:\/\/holycrossretreat.org\/es\/wp-json\/wp\/v2\/types\/page"}],"author":[{"embeddable":true,"href":"https:\/\/holycrossretreat.org\/es\/wp-json\/wp\/v2\/users\/1"}],"replies":[{"embeddable":true,"href":"https:\/\/holycrossretreat.org\/es\/wp-json\/wp\/v2\/comments?post=7770"}],"version-history":[{"count":7,"href":"https:\/\/holycrossretreat.org\/es\/wp-json\/wp\/v2\/pages\/7770\/revisions"}],"predecessor-version":[{"id":8293,"href":"https:\/\/holycrossretreat.org\/es\/wp-json\/wp\/v2\/pages\/7770\/revisions\/8293"}],"wp:attachment":[{"href":"https:\/\/holycrossretreat.org\/es\/wp-json\/wp\/v2\/media?parent=7770"}],"curies":[{"name":"wp","href":"https:\/\/api.w.org\/{rel}","templated":true}]}}