{"id":7714,"date":"2022-02-23T22:17:49","date_gmt":"2022-02-24T03:17:49","guid":{"rendered":"https:\/\/holycrossretreat.org\/?page_id=7714"},"modified":"2025-05-02T18:13:55","modified_gmt":"2025-05-02T22:13:55","slug":"conference-and-meeting-rooms","status":"publish","type":"page","link":"https:\/\/holycrossretreat.org\/es\/conference-and-meeting-rooms\/","title":{"rendered":"Salas de conferencias y reuniones"},"content":{"rendered":"<section class=\"l-section wpb_row height_huge with_img\"><div class=\"l-section-img\" role=\"img\" aria-label=\"Imagen\" data-img-width=\"800\" data-img-height=\"600\" style=\"background-image: url(https:\/\/holycrossretreat.org\/wp-content\/uploads\/2022\/05\/dining-room.jpg);\"><\/div><div class=\"l-section-overlay\" style=\"background:rgba(0,0,0,0.6)\"><\/div><div class=\"l-section-h i-cf\"><div class=\"g-cols vc_row via_flex valign_top type_default stacking_default\"><div class=\"vc_col-sm-12 wpb_column vc_column_container\"><div class=\"vc_column-inner\"><div class=\"wpb_wrapper\"><div class=\"wpb_text_column\"><div class=\"wpb_wrapper\"><h2><span style=\"color: #ffffff;\"><strong>Salas de conferencias y reuniones<\/strong><\/span><\/h2>\n<\/div><\/div><\/div><\/div><\/div><\/div><\/div><\/section><section class=\"l-section wpb_row height_medium\"><div class=\"l-section-h i-cf\"><div class=\"g-cols vc_row via_flex valign_top type_default stacking_default\"><div class=\"vc_col-sm-12 wpb_column vc_column_container\"><div class=\"vc_column-inner\"><div class=\"wpb_wrapper\"><div class=\"wpb_text_column\"><div class=\"wpb_wrapper\"><div id=\"elm_591244b198e30\" class=\"col col-md-12 col-sm-12 col-xs-12\">\n<div class=\"col-inner\">\n<div id=\"st_heading_744cc7df9e48066891a81b948aa7aa4b\" class=\"jsn-bootstrap3 st-element-container clearfix st-element-heading\">Nuestras instalaciones incluyen una gran sala de conferencias con capacidad para 100 personas y tres salas de reuniones m\u00e1s peque\u00f1as para 40 a 50 personas cada una. Otras \u00e1reas disponibles incluyen la biblioteca, la sala de estar, un patio con jard\u00edn interior llamado atrio y amplios asientos al aire libre a la sombra.<\/div>\n<div id=\"text_b4fd2edadba15e3aea9edabf93c32fca\" class=\"jsn-bootstrap3 st-element-container clearfix st-element-text\">\n<div id=\"TQ1klz\" class=\"st_text\">\n<p>Las Salas de Conferencias cuentan con capacidad para proyecci\u00f3n desde computadora y exhibici\u00f3n de pel\u00edculas, y acceso a internet en las \u00e1reas de reuni\u00f3n y en las salas individuales.<\/p>\n<p>Nuestro comedor tiene capacidad para 102 personas, adem\u00e1s contamos con un segundo comedor con capacidad para 24 personas. Las comidas se sirven estilo buffet con una variedad de comidas caseras, comidas tradicionales mexicanas y nuestros propios productos horneados. Los horarios de comidas son a las 8:00 am, 12:00 pm y 6:00 pm<\/p>\n<\/div>\n<\/div>\n<\/div>\n<\/div>\n<\/div><\/div><\/div><\/div><\/div><div class=\"vc_col-sm-12 wpb_column vc_column_container\"><div class=\"vc_column-inner\"><div class=\"wpb_wrapper\"><div class=\"w-image align_none\"><div class=\"w-image-h\"><img decoding=\"async\" width=\"300\" height=\"225\" src=\"https:\/\/holycrossretreat.org\/wp-content\/uploads\/2022\/10\/Deacons-of-Las-Cruces-retreat-Bishop-Cantu-8-21-14-300x225.jpg\" class=\"attachment-medium size-medium\" alt=\"\" loading=\"lazy\" srcset=\"https:\/\/holycrossretreat.org\/wp-content\/uploads\/2022\/10\/Deacons-of-Las-Cruces-retreat-Bishop-Cantu-8-21-14-300x225.jpg 300w, https:\/\/holycrossretreat.org\/wp-content\/uploads\/2022\/10\/Deacons-of-Las-Cruces-retreat-Bishop-Cantu-8-21-14-600x450.jpg 600w, https:\/\/holycrossretreat.org\/wp-content\/uploads\/2022\/10\/Deacons-of-Las-Cruces-retreat-Bishop-Cantu-8-21-14-1024x768.jpg 1024w, https:\/\/holycrossretreat.org\/wp-content\/uploads\/2022\/10\/Deacons-of-Las-Cruces-retreat-Bishop-Cantu-8-21-14-16x12.jpg 16w, https:\/\/holycrossretreat.org\/wp-content\/uploads\/2022\/10\/Deacons-of-Las-Cruces-retreat-Bishop-Cantu-8-21-14-150x113.jpg 150w, https:\/\/holycrossretreat.org\/wp-content\/uploads\/2022\/10\/Deacons-of-Las-Cruces-retreat-Bishop-Cantu-8-21-14-533x400.jpg 533w, https:\/\/holycrossretreat.org\/wp-content\/uploads\/2022\/10\/Deacons-of-Las-Cruces-retreat-Bishop-Cantu-8-21-14-50x38.jpg 50w\" sizes=\"auto, (max-width: 300px) 100vw, 300px\" \/><\/div><\/div><\/div><\/div><\/div><div class=\"vc_col-sm-12 wpb_column vc_column_container\"><div class=\"vc_column-inner\"><div class=\"wpb_wrapper\"><\/div><\/div><\/div><\/div><\/div><\/section>","protected":false},"excerpt":{"rendered":"Salas de conferencias y reuniones Nuestras instalaciones incluyen una gran sala de conferencias con capacidad para 100 personas y tres salas de reuniones m\u00e1s peque\u00f1as para 40 a 50 personas cada una. Otras \u00e1reas disponibles incluyen la biblioteca, la sala de estar, un patio con jard\u00edn interior llamado atrio y amplios asientos al aire libre a la sombra. Las salas de conferencias tienen...","protected":false},"author":1,"featured_media":8134,"parent":0,"menu_order":0,"comment_status":"closed","ping_status":"closed","template":"","meta":{"_monsterinsights_skip_tracking":false,"_monsterinsights_sitenote_active":false,"_monsterinsights_sitenote_note":"","_monsterinsights_sitenote_category":0,"footnotes":""},"class_list":["post-7714","page","type-page","status-publish","has-post-thumbnail","hentry"],"_links":{"self":[{"href":"https:\/\/holycrossretreat.org\/es\/wp-json\/wp\/v2\/pages\/7714","targetHints":{"allow":["GET"]}}],"collection":[{"href":"https:\/\/holycrossretreat.org\/es\/wp-json\/wp\/v2\/pages"}],"about":[{"href":"https:\/\/holycrossretreat.org\/es\/wp-json\/wp\/v2\/types\/page"}],"author":[{"embeddable":true,"href":"https:\/\/holycrossretreat.org\/es\/wp-json\/wp\/v2\/users\/1"}],"replies":[{"embeddable":true,"href":"https:\/\/holycrossretreat.org\/es\/wp-json\/wp\/v2\/comments?post=7714"}],"version-history":[{"count":7,"href":"https:\/\/holycrossretreat.org\/es\/wp-json\/wp\/v2\/pages\/7714\/revisions"}],"predecessor-version":[{"id":8022,"href":"https:\/\/holycrossretreat.org\/es\/wp-json\/wp\/v2\/pages\/7714\/revisions\/8022"}],"wp:featuredmedia":[{"embeddable":true,"href":"https:\/\/holycrossretreat.org\/es\/wp-json\/wp\/v2\/media\/8134"}],"wp:attachment":[{"href":"https:\/\/holycrossretreat.org\/es\/wp-json\/wp\/v2\/media?parent=7714"}],"curies":[{"name":"wp","href":"https:\/\/api.w.org\/{rel}","templated":true}]}}