{"id":7577,"date":"2020-03-27T09:50:08","date_gmt":"2020-03-27T13:50:08","guid":{"rendered":"https:\/\/holycrossretreat.org\/?page_id=7577"},"modified":"2024-11-15T17:16:58","modified_gmt":"2024-11-15T22:16:58","slug":"room-accommodations","status":"publish","type":"page","link":"https:\/\/holycrossretreat.org\/es\/room-accommodations\/","title":{"rendered":"Alojamiento en habitaciones"},"content":{"rendered":"<section class=\"l-section wpb_row height_huge with_img\"><div class=\"l-section-img\" role=\"img\" aria-label=\"Imagen\" data-img-width=\"1000\" data-img-height=\"667\" style=\"background-image: url(https:\/\/holycrossretreat.org\/wp-content\/uploads\/2022\/07\/room-accomodations.jpg);\"><\/div><div class=\"l-section-overlay\" style=\"background:rgba(0,0,0,0.6)\"><\/div><div class=\"l-section-h i-cf\"><div class=\"g-cols vc_row via_flex valign_top type_default stacking_default\"><div class=\"vc_col-sm-12 wpb_column vc_column_container\"><div class=\"vc_column-inner\"><div class=\"wpb_wrapper\"><div class=\"wpb_text_column\"><div class=\"wpb_wrapper\"><h2><span style=\"color: #ffffff;\"><strong>Alojamiento en habitaciones<\/strong><\/span><\/h2>\n<\/div><\/div><\/div><\/div><\/div><\/div><\/div><\/section><section class=\"l-section wpb_row height_medium\"><div class=\"l-section-h i-cf\"><div class=\"g-cols vc_row via_flex valign_top type_default stacking_default\"><div class=\"vc_col-sm-8 wpb_column vc_column_container\"><div class=\"vc_column-inner\"><div class=\"wpb_wrapper\"><div class=\"wpb_text_column\"><div class=\"wpb_wrapper\"><div id=\"text_c1bedacf94038209c5a91772f165eea8_159\" class=\"jsn-bootstrap3 st-element-container clearfix st-element-text\">\n<div id=\"lAxBJF\" class=\"st_text\">\n<p>El centro de retiro tiene 46 habitaciones de retiro, cada una con ba\u00f1o privado y cuatro habitaciones adicionales atendidas por dos ba\u00f1os. Se proporcionan todas las s\u00e1banas. Wi-Fi est\u00e1 disponible en todo el centro de retiro, pero no hay tel\u00e9fonos ni televisores en las habitaciones. Disponen de aire acondicionado y calefacci\u00f3n individual.<\/p>\n<p>Treinta y cuatro habitaciones tienen tres camas individuales, ocho tienen una cama tama\u00f1o queen o doble y cuatro habitaciones tienen una cama doble y una cama individual. Dos habitaciones tienen rampa y ducha a ras de suelo sin barreras para personas con limitaciones f\u00edsicas.<\/p>\n<p>Tambi\u00e9n hay tres dormitorios en \u201cLa Casita\u201d, en un edificio diferente. Hay acceso a una cocina y un peque\u00f1o patio si se dispone. Dos dormitorios tienen una cama doble y uno tiene una cama individual. Hay ba\u00f1os y dos duchas. Por lo tanto tenemos 122 camas.<\/p>\n<\/div>\n<\/div>\n<\/div><\/div><div class=\"g-cols wpb_row via_flex valign_top type_default stacking_default\"><div class=\"vc_col-sm-12 wpb_column vc_column_container\"><div class=\"vc_column-inner\"><div class=\"wpb_wrapper\"><\/div><\/div><\/div><\/div><\/div><\/div><\/div><div class=\"vc_col-sm-4 wpb_column vc_column_container\"><div class=\"vc_column-inner\"><div class=\"wpb_wrapper\"><div class=\"wpb_text_column\"><div class=\"wpb_wrapper\"><h4>Disposici\u00f3n de la habitaci\u00f3n<\/h4>\n<\/div><\/div><div class=\"w-separator size_small\"><\/div><div class=\"w-btn-wrapper align_center\"><a class=\"w-btn us-btn-style_1 icon_atleft\" target=\"_blank\" rel=\"nofollow\" href=\"https:\/\/holycrossretreat.org\/wp-content\/uploads\/2024\/11\/Pricing-list-July-2024-Revised.pdf\"><i class=\"fad fa-file-pdf\"><\/i><span class=\"w-btn-label\">Descargar el dise\u00f1o de la habitaci\u00f3n<\/span><\/a><\/div><div class=\"w-separator size_small\"><\/div><div class=\"wpb_text_column\"><div class=\"wpb_wrapper\"><h4>Lista de precios<\/h4>\n<\/div><\/div><div class=\"w-image align_center meta_simple\"><a href=\"https:\/\/holycrossretreat.org\/wp-content\/uploads\/2024\/11\/Pricing-list-July-2024-Revised.pdf\" aria-label=\"Lista de precios revisada julio 2024\" class=\"w-image-h\"><img decoding=\"async\" width=\"1088\" height=\"1408\" src=\"https:\/\/holycrossretreat.org\/wp-content\/uploads\/2024\/11\/Pricing-list-July-2024-Revised-3-pdf.jpg\" class=\"attachment-full size-full\" alt=\"\" loading=\"lazy\" \/><\/a><div class=\"w-image-meta\"><div class=\"w-image-title\">Lista de precios revisada julio 2024<\/div><\/div><\/div><div class=\"w-btn-wrapper align_center\"><a class=\"w-btn us-btn-style_1 icon_atleft\" target=\"_blank\" rel=\"nofollow\" href=\"https:\/\/holycrossretreat.org\/wp-content\/uploads\/2024\/11\/Pricing-list-July-2024-Revised.pdf\"><i class=\"fad fa-file-pdf\"><\/i><span class=\"w-btn-label\">Descargar lista de precios<\/span><\/a><\/div><\/div><\/div><\/div><\/div><\/div><\/section>","protected":false},"excerpt":{"rendered":"Alojamiento en habitaciones El centro de retiros tiene 46 habitaciones de retiro, cada una con ba\u00f1os privados y cuatro habitaciones adicionales atendidas por dos ba\u00f1os. Se proporcionan todas las s\u00e1banas. Wi-Fi est\u00e1 disponible en todo el centro de retiro, pero no hay tel\u00e9fonos ni televisores en las habitaciones. Disponen de aire acondicionado y calefacci\u00f3n individual. Treinta y cuatro habitaciones tienen tres camas individuales, ocho...","protected":false},"author":1,"featured_media":7844,"parent":0,"menu_order":0,"comment_status":"closed","ping_status":"closed","template":"","meta":{"_monsterinsights_skip_tracking":false,"_monsterinsights_sitenote_active":false,"_monsterinsights_sitenote_note":"","_monsterinsights_sitenote_category":0,"footnotes":""},"class_list":["post-7577","page","type-page","status-publish","has-post-thumbnail","hentry"],"_links":{"self":[{"href":"https:\/\/holycrossretreat.org\/es\/wp-json\/wp\/v2\/pages\/7577","targetHints":{"allow":["GET"]}}],"collection":[{"href":"https:\/\/holycrossretreat.org\/es\/wp-json\/wp\/v2\/pages"}],"about":[{"href":"https:\/\/holycrossretreat.org\/es\/wp-json\/wp\/v2\/types\/page"}],"author":[{"embeddable":true,"href":"https:\/\/holycrossretreat.org\/es\/wp-json\/wp\/v2\/users\/1"}],"replies":[{"embeddable":true,"href":"https:\/\/holycrossretreat.org\/es\/wp-json\/wp\/v2\/comments?post=7577"}],"version-history":[{"count":20,"href":"https:\/\/holycrossretreat.org\/es\/wp-json\/wp\/v2\/pages\/7577\/revisions"}],"predecessor-version":[{"id":9390,"href":"https:\/\/holycrossretreat.org\/es\/wp-json\/wp\/v2\/pages\/7577\/revisions\/9390"}],"wp:featuredmedia":[{"embeddable":true,"href":"https:\/\/holycrossretreat.org\/es\/wp-json\/wp\/v2\/media\/7844"}],"wp:attachment":[{"href":"https:\/\/holycrossretreat.org\/es\/wp-json\/wp\/v2\/media?parent=7577"}],"curies":[{"name":"wp","href":"https:\/\/api.w.org\/{rel}","templated":true}]}}