{"id":7548,"date":"2020-03-23T23:52:04","date_gmt":"2020-03-24T03:52:04","guid":{"rendered":"https:\/\/holycrossretreat.org\/?page_id=7548"},"modified":"2025-03-27T15:50:29","modified_gmt":"2025-03-27T19:50:29","slug":"retreats","status":"publish","type":"page","link":"https:\/\/holycrossretreat.org\/es\/retreats\/","title":{"rendered":"Retiros y Programas"},"content":{"rendered":"<section class=\"l-section wpb_row height_medium\"><div class=\"l-section-h i-cf\"><div class=\"g-cols vc_row via_flex valign_top type_default stacking_default\"><div class=\"vc_col-sm-12 wpb_column vc_column_container\"><div class=\"vc_column-inner\"><div class=\"wpb_wrapper\"><div class=\"w-grid us_grid type_grid layout_7812 cols_4 overflow_hidden preload_style_spinner\" id=\"us_grid_1\" style=\"--columns:4;--gap:1.5rem;\" data-filterable=\"true\"><style>@media (max-width:1380px){#us_grid_1{--columns:3!important}}@media (max-width:1024px){#us_grid_1{--columns:2!important}}@media (max-width:600px){#us_grid_1{--columns:1!important}}.layout_7812 .w-grid-item-h{background:var(--color-content-bg);color:var(--color-content-text);border-radius:0.3rem;box-shadow:0 0.03rem 0.06rem rgba(0,0,0,0.1),0 0.1rem 0.3rem rgba(0,0,0,0.1);transition-duration:0.3s}.no-touch .layout_7812 .w-grid-item-h:hover{box-shadow:0 0.1rem 0.2rem rgba(0,0,0,0.1),0 0.33rem 1rem rgba(0,0,0,0.15);z-index:4}.layout_7812 .usg_vwrapper_1{transition-duration:0.2s;transform-origin:50% 50%;transform:scale(1) translate(0,0)}.layout_7812 .w-grid-item-h:focus-within .usg_vwrapper_1,.layout_7812 .w-grid-item-h:hover .usg_vwrapper_1{transform:scale(1) translate(0,-2.4rem);opacity:1}.layout_7812 .usg_add_to_cart_1{transition-duration:0.3s;transform-origin:50% 50%;transform:scale(1) translate(0,0);opacity:0}.layout_7812 .w-grid-item-h:focus-within .usg_add_to_cart_1,.layout_7812 .w-grid-item-h:hover .usg_add_to_cart_1{transform:scale(1) translate(0,0);opacity:1}.layout_7812 .usg_product_field_1{color:#fff!important;font-size:12px!important;font-weight:700!important;text-transform:uppercase!important;position:absolute!important;top:10px!important;left:10px!important;padding-right:0.8rem!important;padding-left:0.8rem!important;border-radius:2rem!important;background:var(--color-content-primary-grad,var(--color-content-primary) )!important}.layout_7812 .usg_vwrapper_1{background:inherit!important;padding:1rem 1.2rem 1rem 1.2rem!important}.layout_7812 .usg_post_title_1{color:inherit!important;font-size:1rem!important;margin-bottom:0.3rem!important}.layout_7812 .usg_product_field_2{margin-bottom:0.3rem!important}.layout_7812 .usg_product_field_3{font-weight:700!important}.layout_7812 .usg_add_to_cart_1{font-size:0.8rem!important;width:100%!important;border-radius:0!important;position:absolute!important;right:0!important;bottom:0!important;left:0!important}<\/style><div class=\"w-grid-list\">\t<article class=\"w-grid-item size_1x1 post-8855 product type-product status-publish has-post-thumbnail product_cat-retreats first instock taxable shipping-taxable purchasable product-type-variable\" data-id=\"8855\">\r\n\t\t<div class=\"w-grid-item-h\">\r\n\t\t\t\t\t\t<div class=\"w-post-elm post_image usg_post_image_1 stretched\"><a href=\"https:\/\/holycrossretreat.org\/es\/producto\/healing-power-of-forgiveness\/\" aria-label=\"Healing and Forgiveness with Fr. Tom Smith, OFM Conv\"><img loading=\"lazy\" decoding=\"async\" width=\"889\" height=\"1087\" src=\"https:\/\/holycrossretreat.org\/wp-content\/uploads\/2024\/01\/HealingandForgiveness.png\" class=\"attachment-shop_catalog size-shop_catalog wp-post-image\" alt=\"\" srcset=\"https:\/\/holycrossretreat.org\/wp-content\/uploads\/2024\/01\/HealingandForgiveness.png 889w, https:\/\/holycrossretreat.org\/wp-content\/uploads\/2024\/01\/HealingandForgiveness-245x300.png 245w, https:\/\/holycrossretreat.org\/wp-content\/uploads\/2024\/01\/HealingandForgiveness-837x1024.png 837w, https:\/\/holycrossretreat.org\/wp-content\/uploads\/2024\/01\/HealingandForgiveness-10x12.png 10w, https:\/\/holycrossretreat.org\/wp-content\/uploads\/2024\/01\/HealingandForgiveness-123x150.png 123w, https:\/\/holycrossretreat.org\/wp-content\/uploads\/2024\/01\/HealingandForgiveness-327x400.png 327w, https:\/\/holycrossretreat.org\/wp-content\/uploads\/2024\/01\/HealingandForgiveness-50x61.png 50w, https:\/\/holycrossretreat.org\/wp-content\/uploads\/2024\/01\/HealingandForgiveness-600x734.png 600w\" sizes=\"auto, (max-width: 889px) 100vw, 889px\" \/><\/a><\/div><div class=\"w-vwrapper usg_vwrapper_1 align_center valign_top\"><h2 class=\"w-post-elm post_title usg_post_title_1 has_text_color woocommerce-loop-product__title color_link_inherit\"><a href=\"https:\/\/holycrossretreat.org\/es\/producto\/healing-power-of-forgiveness\/\">Healing and Forgiveness with Fr. Tom Smith, OFM Conv<\/a><\/h2><div class=\"w-hwrapper usg_hwrapper_1 align_left valign_top\"><div class=\"w-post-elm post_custom_field usg_post_custom_field_1 type_text start_date color_link_inherit\"><span class=\"w-post-elm-value\">03\/20\/2026<\/span><\/div><div class=\"w-post-elm post_custom_field usg_post_custom_field_2 type_text end_date color_link_inherit\"><span class=\"w-post-elm-before\">- <\/span><span class=\"w-post-elm-value\">03\/22\/2026<\/span><\/div><\/div><p class=\"w-post-elm product_field price usg_product_field_3\"><span class=\"woocommerce-Price-amount amount\"><bdi><span class=\"woocommerce-Price-currencySymbol\">&#36;<\/span>50.00<\/bdi><\/span> \u2013 <span class=\"woocommerce-Price-amount amount\"><bdi><span class=\"woocommerce-Price-currencySymbol\">&#36;<\/span>190.00<\/bdi><\/span><\/p><\/div><div class=\"w-btn-wrapper woocommerce usg_add_to_cart_1 has_border_radius has_font_size no_view_cart_link\"><a href=\"https:\/\/holycrossretreat.org\/es\/producto\/healing-power-of-forgiveness\/\" aria-describedby=\"woocommerce_loop_add_to_cart_link_describedby_8855\" data-quantity=\"1\" class=\"button product_type_variable add_to_cart_button\" data-product_id=\"8855\" data-product_sku=\"\" aria-label=\"Elige las opciones para &ldquo;Healing and Forgiveness with Fr. Tom Smith, OFM Conv&rdquo;\" rel=\"nofollow\"><i class=\"g-preloader type_1\"><\/i><span class=\"w-btn-label\">Seleccionar opciones<\/span><\/a>\t<span id=\"woocommerce_loop_add_to_cart_link_describedby_8855\" class=\"screen-reader-text\">\n\t\tEste producto tiene m\u00faltiples variantes. Las opciones se pueden elegir en la p\u00e1gina del producto.\t<\/span>\n<\/div>\t\t<\/div>\r\n\t\t\t<\/article>\r\n\t<article class=\"w-grid-item size_1x1 post-9951 product type-product status-publish has-post-thumbnail product_cat-retreats  instock taxable shipping-taxable purchasable product-type-variable\" data-id=\"9951\">\r\n\t\t<div class=\"w-grid-item-h\">\r\n\t\t\t\t\t\t<div class=\"w-post-elm post_image usg_post_image_1 stretched\"><a href=\"https:\/\/holycrossretreat.org\/es\/producto\/12-step-retreat\/\" aria-label=\"12-Step Retreat for People in Recovery with Fr. Jeff Paul\"><img loading=\"lazy\" decoding=\"async\" width=\"374\" height=\"385\" src=\"https:\/\/holycrossretreat.org\/wp-content\/uploads\/2026\/01\/12StepRetreat2026Rev.png\" class=\"attachment-shop_catalog size-shop_catalog wp-post-image\" alt=\"\" srcset=\"https:\/\/holycrossretreat.org\/wp-content\/uploads\/2026\/01\/12StepRetreat2026Rev.png 374w, https:\/\/holycrossretreat.org\/wp-content\/uploads\/2026\/01\/12StepRetreat2026Rev-291x300.png 291w, https:\/\/holycrossretreat.org\/wp-content\/uploads\/2026\/01\/12StepRetreat2026Rev-12x12.png 12w, https:\/\/holycrossretreat.org\/wp-content\/uploads\/2026\/01\/12StepRetreat2026Rev-146x150.png 146w, https:\/\/holycrossretreat.org\/wp-content\/uploads\/2026\/01\/12StepRetreat2026Rev-50x51.png 50w\" sizes=\"auto, (max-width: 374px) 100vw, 374px\" \/><\/a><\/div><div class=\"w-vwrapper usg_vwrapper_1 align_center valign_top\"><h2 class=\"w-post-elm post_title usg_post_title_1 has_text_color woocommerce-loop-product__title color_link_inherit\"><a href=\"https:\/\/holycrossretreat.org\/es\/producto\/12-step-retreat\/\">12-Step Retreat for People in Recovery with Fr. Jeff Paul<\/a><\/h2><div class=\"w-hwrapper usg_hwrapper_1 align_left valign_top\"><div class=\"w-post-elm post_custom_field usg_post_custom_field_1 type_text start_date color_link_inherit\"><span class=\"w-post-elm-value\">04\/17\/2026<\/span><\/div><div class=\"w-post-elm post_custom_field usg_post_custom_field_2 type_text end_date color_link_inherit\"><span class=\"w-post-elm-before\">- <\/span><span class=\"w-post-elm-value\">04\/19\/2026<\/span><\/div><\/div><p class=\"w-post-elm product_field price usg_product_field_3\"><span class=\"woocommerce-Price-amount amount\"><bdi><span class=\"woocommerce-Price-currencySymbol\">&#36;<\/span>50.00<\/bdi><\/span> \u2013 <span class=\"woocommerce-Price-amount amount\"><bdi><span class=\"woocommerce-Price-currencySymbol\">&#36;<\/span>265.00<\/bdi><\/span><\/p><\/div><div class=\"w-btn-wrapper woocommerce usg_add_to_cart_1 has_border_radius has_font_size no_view_cart_link\"><a href=\"https:\/\/holycrossretreat.org\/es\/producto\/12-step-retreat\/\" aria-describedby=\"woocommerce_loop_add_to_cart_link_describedby_9951\" data-quantity=\"1\" class=\"button product_type_variable add_to_cart_button\" data-product_id=\"9951\" data-product_sku=\"\" aria-label=\"Elige las opciones para &ldquo;12-Step Retreat for People in Recovery with Fr. Jeff Paul&rdquo;\" rel=\"nofollow\"><i class=\"g-preloader type_1\"><\/i><span class=\"w-btn-label\">Seleccionar opciones<\/span><\/a>\t<span id=\"woocommerce_loop_add_to_cart_link_describedby_9951\" class=\"screen-reader-text\">\n\t\tEste producto tiene m\u00faltiples variantes. Las opciones se pueden elegir en la p\u00e1gina del producto.\t<\/span>\n<\/div>\t\t<\/div>\r\n\t\t\t<\/article>\r\n\t<article class=\"w-grid-item size_1x1 post-10051 product type-product status-publish has-post-thumbnail product_cat-retreats last instock taxable shipping-taxable purchasable product-type-variable\" data-id=\"10051\">\r\n\t\t<div class=\"w-grid-item-h\">\r\n\t\t\t\t\t\t<div class=\"w-post-elm post_image usg_post_image_1 stretched\"><a href=\"https:\/\/holycrossretreat.org\/es\/producto\/care-of-soul-with-fr-tom-smith-ofm-conv-copy\/\" aria-label=\"Care of the Soul Silent Retreat with Fr. Tom Smith, OFM Conv\"><img loading=\"lazy\" decoding=\"async\" width=\"889\" height=\"1422\" src=\"https:\/\/holycrossretreat.org\/wp-content\/uploads\/2026\/04\/SilentCareofSoul.png\" class=\"attachment-shop_catalog size-shop_catalog wp-post-image\" alt=\"\" srcset=\"https:\/\/holycrossretreat.org\/wp-content\/uploads\/2026\/04\/SilentCareofSoul.png 889w, https:\/\/holycrossretreat.org\/wp-content\/uploads\/2026\/04\/SilentCareofSoul-188x300.png 188w, https:\/\/holycrossretreat.org\/wp-content\/uploads\/2026\/04\/SilentCareofSoul-640x1024.png 640w, https:\/\/holycrossretreat.org\/wp-content\/uploads\/2026\/04\/SilentCareofSoul-8x12.png 8w, https:\/\/holycrossretreat.org\/wp-content\/uploads\/2026\/04\/SilentCareofSoul-94x150.png 94w, https:\/\/holycrossretreat.org\/wp-content\/uploads\/2026\/04\/SilentCareofSoul-250x400.png 250w, https:\/\/holycrossretreat.org\/wp-content\/uploads\/2026\/04\/SilentCareofSoul-50x80.png 50w, https:\/\/holycrossretreat.org\/wp-content\/uploads\/2026\/04\/SilentCareofSoul-600x960.png 600w\" sizes=\"auto, (max-width: 889px) 100vw, 889px\" \/><\/a><\/div><div class=\"w-vwrapper usg_vwrapper_1 align_center valign_top\"><h2 class=\"w-post-elm post_title usg_post_title_1 has_text_color woocommerce-loop-product__title color_link_inherit\"><a href=\"https:\/\/holycrossretreat.org\/es\/producto\/care-of-soul-with-fr-tom-smith-ofm-conv-copy\/\">Care of the Soul Silent Retreat with Fr. Tom Smith, OFM Conv<\/a><\/h2><div class=\"w-hwrapper usg_hwrapper_1 align_left valign_top\"><div class=\"w-post-elm post_custom_field usg_post_custom_field_1 type_text start_date color_link_inherit\"><span class=\"w-post-elm-value\">05\/01\/2026<\/span><\/div><div class=\"w-post-elm post_custom_field usg_post_custom_field_2 type_text end_date color_link_inherit\"><span class=\"w-post-elm-before\">- <\/span><span class=\"w-post-elm-value\">05\/03\/2026<\/span><\/div><\/div><p class=\"w-post-elm product_field price usg_product_field_3\"><span class=\"woocommerce-Price-amount amount\"><bdi><span class=\"woocommerce-Price-currencySymbol\">&#36;<\/span>50.00<\/bdi><\/span> \u2013 <span class=\"woocommerce-Price-amount amount\"><bdi><span class=\"woocommerce-Price-currencySymbol\">&#36;<\/span>190.00<\/bdi><\/span><\/p><\/div><div class=\"w-btn-wrapper woocommerce usg_add_to_cart_1 has_border_radius has_font_size no_view_cart_link\"><a href=\"https:\/\/holycrossretreat.org\/es\/producto\/care-of-soul-with-fr-tom-smith-ofm-conv-copy\/\" aria-describedby=\"woocommerce_loop_add_to_cart_link_describedby_10051\" data-quantity=\"1\" class=\"button product_type_variable add_to_cart_button\" data-product_id=\"10051\" data-product_sku=\"\" aria-label=\"Elige las opciones para &ldquo;Care of the Soul Silent Retreat with Fr. Tom Smith, OFM Conv&rdquo;\" rel=\"nofollow\"><i class=\"g-preloader type_1\"><\/i><span class=\"w-btn-label\">Seleccionar opciones<\/span><\/a>\t<span id=\"woocommerce_loop_add_to_cart_link_describedby_10051\" class=\"screen-reader-text\">\n\t\tEste producto tiene m\u00faltiples variantes. Las opciones se pueden elegir en la p\u00e1gina del producto.\t<\/span>\n<\/div>\t\t<\/div>\r\n\t\t\t<\/article>\r\n\t<article class=\"w-grid-item size_1x1 post-9607 product type-product status-publish has-post-thumbnail product_cat-retreats first instock taxable shipping-taxable purchasable product-type-variable\" data-id=\"9607\">\r\n\t\t<div class=\"w-grid-item-h\">\r\n\t\t\t\t\t\t<div class=\"w-post-elm post_image usg_post_image_1 stretched\"><a href=\"https:\/\/holycrossretreat.org\/es\/producto\/making-peace-with-cancer\/\" aria-label=\"Making Peace with Cancer: A Franciscan Journey with friar Joseph Bach, OFM Conv.\"><img loading=\"lazy\" decoding=\"async\" width=\"888\" height=\"1252\" src=\"https:\/\/holycrossretreat.org\/wp-content\/uploads\/2025\/04\/Peace-e1745876823102.png\" class=\"attachment-shop_catalog size-shop_catalog wp-post-image\" alt=\"\" srcset=\"https:\/\/holycrossretreat.org\/wp-content\/uploads\/2025\/04\/Peace-e1745876823102.png 888w, https:\/\/holycrossretreat.org\/wp-content\/uploads\/2025\/04\/Peace-e1745876823102-213x300.png 213w, https:\/\/holycrossretreat.org\/wp-content\/uploads\/2025\/04\/Peace-e1745876823102-726x1024.png 726w, https:\/\/holycrossretreat.org\/wp-content\/uploads\/2025\/04\/Peace-e1745876823102-9x12.png 9w, https:\/\/holycrossretreat.org\/wp-content\/uploads\/2025\/04\/Peace-e1745876823102-106x150.png 106w, https:\/\/holycrossretreat.org\/wp-content\/uploads\/2025\/04\/Peace-e1745876823102-284x400.png 284w, https:\/\/holycrossretreat.org\/wp-content\/uploads\/2025\/04\/Peace-e1745876823102-50x70.png 50w, https:\/\/holycrossretreat.org\/wp-content\/uploads\/2025\/04\/Peace-e1745876823102-600x846.png 600w\" sizes=\"auto, (max-width: 888px) 100vw, 888px\" \/><\/a><\/div><div class=\"w-vwrapper usg_vwrapper_1 align_center valign_top\"><h2 class=\"w-post-elm post_title usg_post_title_1 has_text_color woocommerce-loop-product__title color_link_inherit\"><a href=\"https:\/\/holycrossretreat.org\/es\/producto\/making-peace-with-cancer\/\">Making Peace with Cancer: A Franciscan Journey with friar Joseph Bach, OFM Conv.<\/a><\/h2><div class=\"w-hwrapper usg_hwrapper_1 align_left valign_top\"><div class=\"w-post-elm post_custom_field usg_post_custom_field_1 type_text start_date color_link_inherit\"><span class=\"w-post-elm-value\">05\/22\/2026<\/span><\/div><div class=\"w-post-elm post_custom_field usg_post_custom_field_2 type_text end_date color_link_inherit\"><span class=\"w-post-elm-before\">- <\/span><span class=\"w-post-elm-value\">05\/24\/2026<\/span><\/div><\/div><p class=\"w-post-elm product_field price usg_product_field_3\"><span class=\"woocommerce-Price-amount amount\"><bdi><span class=\"woocommerce-Price-currencySymbol\">&#36;<\/span>50.00<\/bdi><\/span> \u2013 <span class=\"woocommerce-Price-amount amount\"><bdi><span class=\"woocommerce-Price-currencySymbol\">&#36;<\/span>190.00<\/bdi><\/span><\/p><\/div><div class=\"w-btn-wrapper woocommerce usg_add_to_cart_1 has_border_radius has_font_size no_view_cart_link\"><a href=\"https:\/\/holycrossretreat.org\/es\/producto\/making-peace-with-cancer\/\" aria-describedby=\"woocommerce_loop_add_to_cart_link_describedby_9607\" data-quantity=\"1\" class=\"button product_type_variable add_to_cart_button\" data-product_id=\"9607\" data-product_sku=\"\" aria-label=\"Elige las opciones para &ldquo;Making Peace with Cancer: A Franciscan Journey with friar Joseph Bach, OFM Conv.&rdquo;\" rel=\"nofollow\"><i class=\"g-preloader type_1\"><\/i><span class=\"w-btn-label\">Seleccionar opciones<\/span><\/a>\t<span id=\"woocommerce_loop_add_to_cart_link_describedby_9607\" class=\"screen-reader-text\">\n\t\tEste producto tiene m\u00faltiples variantes. Las opciones se pueden elegir en la p\u00e1gina del producto.\t<\/span>\n<\/div>\t\t<\/div>\r\n\t\t\t<\/article>\r\n\t<article class=\"w-grid-item size_1x1 post-8429 product type-product status-publish has-post-thumbnail product_cat-retreats  instock taxable shipping-taxable purchasable product-type-variable\" data-id=\"8429\">\r\n\t\t<div class=\"w-grid-item-h\">\r\n\t\t\t\t\t\t<div class=\"w-post-elm post_image usg_post_image_1 stretched\"><a href=\"https:\/\/holycrossretreat.org\/es\/producto\/pilgrimage-to-missions\/\" aria-label=\"Pilgrimage to Early Franciscan Missions with Fr. Tom Smith, OFM Conv.\"><img loading=\"lazy\" decoding=\"async\" width=\"889\" height=\"1231\" src=\"https:\/\/holycrossretreat.org\/wp-content\/uploads\/2023\/03\/The-Franciscan-Missions.png\" class=\"attachment-shop_catalog size-shop_catalog wp-post-image\" alt=\"\" srcset=\"https:\/\/holycrossretreat.org\/wp-content\/uploads\/2023\/03\/The-Franciscan-Missions.png 889w, https:\/\/holycrossretreat.org\/wp-content\/uploads\/2023\/03\/The-Franciscan-Missions-217x300.png 217w, https:\/\/holycrossretreat.org\/wp-content\/uploads\/2023\/03\/The-Franciscan-Missions-740x1024.png 740w, https:\/\/holycrossretreat.org\/wp-content\/uploads\/2023\/03\/The-Franciscan-Missions-9x12.png 9w, https:\/\/holycrossretreat.org\/wp-content\/uploads\/2023\/03\/The-Franciscan-Missions-108x150.png 108w, https:\/\/holycrossretreat.org\/wp-content\/uploads\/2023\/03\/The-Franciscan-Missions-289x400.png 289w, https:\/\/holycrossretreat.org\/wp-content\/uploads\/2023\/03\/The-Franciscan-Missions-50x69.png 50w, https:\/\/holycrossretreat.org\/wp-content\/uploads\/2023\/03\/The-Franciscan-Missions-600x831.png 600w\" sizes=\"auto, (max-width: 889px) 100vw, 889px\" \/><\/a><\/div><div class=\"w-vwrapper usg_vwrapper_1 align_center valign_top\"><h2 class=\"w-post-elm post_title usg_post_title_1 has_text_color woocommerce-loop-product__title color_link_inherit\"><a href=\"https:\/\/holycrossretreat.org\/es\/producto\/pilgrimage-to-missions\/\">Pilgrimage to Early Franciscan Missions with Fr. Tom Smith, OFM Conv.<\/a><\/h2><div class=\"w-hwrapper usg_hwrapper_1 align_left valign_top\"><div class=\"w-post-elm post_custom_field usg_post_custom_field_1 type_text start_date color_link_inherit\"><span class=\"w-post-elm-value\">06\/08\/2026<\/span><\/div><div class=\"w-post-elm post_custom_field usg_post_custom_field_2 type_text end_date color_link_inherit\"><span class=\"w-post-elm-before\">- <\/span><span class=\"w-post-elm-value\">06\/12\/2025<\/span><\/div><\/div><p class=\"w-post-elm product_field price usg_product_field_3\"><span class=\"woocommerce-Price-amount amount\"><bdi><span class=\"woocommerce-Price-currencySymbol\">&#36;<\/span>150.00<\/bdi><\/span><\/p><\/div><div class=\"w-btn-wrapper woocommerce usg_add_to_cart_1 has_border_radius has_font_size no_view_cart_link\"><a href=\"https:\/\/holycrossretreat.org\/es\/producto\/pilgrimage-to-missions\/\" aria-describedby=\"woocommerce_loop_add_to_cart_link_describedby_8429\" data-quantity=\"1\" class=\"button product_type_variable add_to_cart_button\" data-product_id=\"8429\" data-product_sku=\"\" aria-label=\"Elige las opciones para &ldquo;Pilgrimage to Early Franciscan Missions with Fr. Tom Smith, OFM Conv.&rdquo;\" rel=\"nofollow\"><i class=\"g-preloader type_1\"><\/i><span class=\"w-btn-label\">Seleccionar opciones<\/span><\/a>\t<span id=\"woocommerce_loop_add_to_cart_link_describedby_8429\" class=\"screen-reader-text\">\n\t\tEste producto tiene m\u00faltiples variantes. Las opciones se pueden elegir en la p\u00e1gina del producto.\t<\/span>\n<\/div>\t\t<\/div>\r\n\t\t\t<\/article>\r\n<\/div>\t<div class=\"w-grid-preloader\">\r\n\t\t<div class=\"g-preloader type_1\">\r\n\t\t\t<div><\/div>\r\n\t\t<\/div>\r\n\t<\/div>\r\n\t\t<div class=\"w-grid-json hidden\" onclick='return {&quot;action&quot;:&quot;us_ajax_grid&quot;,&quot;infinite_scroll&quot;:0,&quot;max_num_pages&quot;:1,&quot;pagination&quot;:&quot;none&quot;,&quot;template_vars&quot;:{&quot;columns&quot;:&quot;4&quot;,&quot;exclude_items&quot;:&quot;none&quot;,&quot;img_size&quot;:&quot;default&quot;,&quot;ignore_items_size&quot;:0,&quot;items_layout&quot;:&quot;7812&quot;,&quot;items_offset&quot;:&quot;1&quot;,&quot;load_animation&quot;:&quot;none&quot;,&quot;overriding_link&quot;:&quot;{\\&quot;url\\&quot;:\\&quot;\\&quot;}&quot;,&quot;post_id&quot;:0,&quot;query_args&quot;:{&quot;post_type&quot;:[&quot;product&quot;],&quot;tax_query&quot;:[{&quot;taxonomy&quot;:&quot;product_cat&quot;,&quot;field&quot;:&quot;slug&quot;,&quot;terms&quot;:[&quot;retreats&quot;]},{&quot;taxonomy&quot;:&quot;product_visibility&quot;,&quot;field&quot;:&quot;slug&quot;,&quot;terms&quot;:[&quot;exclude-from-catalog&quot;],&quot;operator&quot;:&quot;NOT IN&quot;}],&quot;post_status&quot;:[&quot;publish&quot;],&quot;meta_query&quot;:[],&quot;posts_per_page&quot;:&quot;10&quot;},&quot;orderby_query_args&quot;:{&quot;orderby&quot;:&quot;custom_field&quot;,&quot;meta_key&quot;:&quot;start_date&quot;,&quot;order&quot;:&quot;ASC&quot;},&quot;type&quot;:&quot;grid&quot;,&quot;us_grid_post_type&quot;:&quot;product&quot;,&quot;us_grid_ajax_index&quot;:1,&quot;us_grid_filter_query_string&quot;:null,&quot;us_grid_index&quot;:1,&quot;page_args&quot;:[]}}'><\/div>\r\n\t<\/div><\/div><\/div><\/div><\/div><\/div><\/section>\n","protected":false},"excerpt":{"rendered":"Esta peregrinaci\u00f3n brindar\u00e1 tiempo para visitar y experimentar las misiones principalmente a lo largo del Camino Real, el camino que sigue el R\u00edo Grande. Habr\u00e1 tiempo para conocer los antecedentes, las aportaciones de la poblaci\u00f3n local, misa y oraci\u00f3n todos los d\u00edas, y para el silencio y para explorar la cultura y el arte locales. Esperamos visitar varias misiones,...","protected":false},"author":1,"featured_media":0,"parent":0,"menu_order":0,"comment_status":"closed","ping_status":"closed","template":"","meta":{"_monsterinsights_skip_tracking":false,"_monsterinsights_sitenote_active":false,"_monsterinsights_sitenote_note":"","_monsterinsights_sitenote_category":0,"footnotes":""},"class_list":["post-7548","page","type-page","status-publish","hentry"],"_links":{"self":[{"href":"https:\/\/holycrossretreat.org\/es\/wp-json\/wp\/v2\/pages\/7548","targetHints":{"allow":["GET"]}}],"collection":[{"href":"https:\/\/holycrossretreat.org\/es\/wp-json\/wp\/v2\/pages"}],"about":[{"href":"https:\/\/holycrossretreat.org\/es\/wp-json\/wp\/v2\/types\/page"}],"author":[{"embeddable":true,"href":"https:\/\/holycrossretreat.org\/es\/wp-json\/wp\/v2\/users\/1"}],"replies":[{"embeddable":true,"href":"https:\/\/holycrossretreat.org\/es\/wp-json\/wp\/v2\/comments?post=7548"}],"version-history":[{"count":36,"href":"https:\/\/holycrossretreat.org\/es\/wp-json\/wp\/v2\/pages\/7548\/revisions"}],"predecessor-version":[{"id":9421,"href":"https:\/\/holycrossretreat.org\/es\/wp-json\/wp\/v2\/pages\/7548\/revisions\/9421"}],"wp:attachment":[{"href":"https:\/\/holycrossretreat.org\/es\/wp-json\/wp\/v2\/media?parent=7548"}],"curies":[{"name":"wp","href":"https:\/\/api.w.org\/{rel}","templated":true}]}}