{"id":7523,"date":"2020-03-09T23:11:08","date_gmt":"2020-03-10T03:11:08","guid":{"rendered":"https:\/\/holycrossretreat.org\/?page_id=7523"},"modified":"2025-03-18T16:35:39","modified_gmt":"2025-03-18T20:35:39","slug":"mission-vision-strategy","status":"publish","type":"page","link":"https:\/\/holycrossretreat.org\/es\/mission-vision-strategy\/","title":{"rendered":"Misi\u00f3n, Visi\u00f3n y Plan Estrat\u00e9gico"},"content":{"rendered":"<section class=\"l-section wpb_row height_huge with_img\"><div class=\"l-section-img\" role=\"img\" aria-label=\"Imagen\" data-img-width=\"800\" data-img-height=\"531\" style=\"background-image: url(https:\/\/holycrossretreat.org\/wp-content\/uploads\/2022\/02\/Holy-Cross-Retreat-Chapel-21.jpg);\"><\/div><div class=\"l-section-overlay\" style=\"background:rgba(0,0,0,0.6)\"><\/div><div class=\"l-section-h i-cf\"><div class=\"g-cols vc_row via_flex valign_top type_default stacking_default\"><div class=\"vc_col-sm-12 wpb_column vc_column_container\"><div class=\"vc_column-inner\"><div class=\"wpb_wrapper\"><div class=\"wpb_text_column\"><div class=\"wpb_wrapper\"><h2><span style=\"color: #ffffff;\"><strong>Misi\u00f3n, Visi\u00f3n y Estrategia<\/strong><\/span><\/h2>\n<\/div><\/div><\/div><\/div><\/div><\/div><\/div><\/section><section class=\"l-section wpb_row height_medium\"><div class=\"l-section-h i-cf\"><div class=\"g-cols vc_row via_flex valign_top type_default stacking_default\"><\/div><\/div><\/section><div class=\"vc_col-sm-8 wpb_column vc_column_container\"><div class=\"vc_column-inner\"><div class=\"wpb_wrapper\"><div class=\"wpb_text_column\"><div class=\"wpb_wrapper\"><h4>Misi\u00f3n<\/h4>\n<p><strong>Holy Cross Retreat Center es un oasis cat\u00f3lico y franciscano de oraci\u00f3n y crecimiento personal.<\/strong> <strong>Donde la gente encuentra a Cristo a trav\u00e9s de la espiritualidad y la hospitalidad franciscanas.<\/strong><\/p>\n<\/div><\/div><div class=\"wpb_text_column\"><div class=\"wpb_wrapper\"><h4>Visi\u00f3n<\/h4>\n<p><em>El Evangelio y San Francisco de As\u00eds nos llaman a acoger a quienes tienen necesidades espirituales o f\u00edsicas. Con ese esp\u00edritu, Holy Cross es un Centro de Retiro Cat\u00f3lico que se centra en la Hospitalidad y el Servicio Franciscanos. Vemos a Cristo en toda la creaci\u00f3n, y particularmente en quienes vienen en busca de enriquecimiento espiritual, independientemente de su fe. Quienes vienen para planificar encuentran un lugar de paz y consuelo. Ofrecemos un espacio seguro y acogedor, y esperanza para quienes lo necesitan. Nos esforzamos por mejorar nuestro servicio, aumentar nuestra capacidad y permanecer abiertos a las indicaciones del Esp\u00edritu Santo para nuestra futura direcci\u00f3n.<\/em><\/p>\n<\/div><\/div><\/div><\/div><\/div><div class=\"vc_col-sm-4 wpb_column vc_column_container has-link\"><div class=\"vc_column-inner\"><div class=\"wpb_wrapper\"><\/div><\/div><a href=\"https:\/\/holycrossretreat.org\/wp-content\/uploads\/2023\/03\/Strategic-Plan-Holy-Cross-with-revised-mission-statement.pdf\" class=\"vc_column-link smooth-scroll\" aria-label=\"Rodear a\"><\/a><\/div><div class=\"wpb_text_column\"><div class=\"wpb_wrapper\"><\/div><\/div>\n<h4>Plan estrat\u00e9gico<\/h4>\n<p><a href=\"https:\/\/holycrossretreat.org\/wp-content\/uploads\/2025\/03\/Strategic-Plan-Holy-Cross-Mar-3-25-2.pdf\">]<\/a><strong><a href=\"https:\/\/holycrossretreat.org\/wp-content\/uploads\/2025\/03\/Strategic-Plan-Holy-Cross-Mar-3-25.pdf\">https:\/\/holycrossretreat.org\/wp-content\/uploads\/2025\/03\/Mission-Statement-and-Vision-3-25-for-web-page-2.pdf<\/a><\/strong><\/p>","protected":false},"excerpt":{"rendered":"<p>Plan Estrat\u00e9gico]https:\/\/holycrossretreat.org\/wp-content\/uploads\/2025\/03\/Mission-Statement-and-Vision-3-25-for-web-page-2.pdf<\/p>","protected":false},"author":1,"featured_media":9533,"parent":0,"menu_order":0,"comment_status":"closed","ping_status":"closed","template":"","meta":{"_monsterinsights_skip_tracking":false,"_monsterinsights_sitenote_active":false,"_monsterinsights_sitenote_note":"","_monsterinsights_sitenote_category":0,"footnotes":""},"class_list":["post-7523","page","type-page","status-publish","has-post-thumbnail","hentry"],"_links":{"self":[{"href":"https:\/\/holycrossretreat.org\/es\/wp-json\/wp\/v2\/pages\/7523","targetHints":{"allow":["GET"]}}],"collection":[{"href":"https:\/\/holycrossretreat.org\/es\/wp-json\/wp\/v2\/pages"}],"about":[{"href":"https:\/\/holycrossretreat.org\/es\/wp-json\/wp\/v2\/types\/page"}],"author":[{"embeddable":true,"href":"https:\/\/holycrossretreat.org\/es\/wp-json\/wp\/v2\/users\/1"}],"replies":[{"embeddable":true,"href":"https:\/\/holycrossretreat.org\/es\/wp-json\/wp\/v2\/comments?post=7523"}],"version-history":[{"count":38,"href":"https:\/\/holycrossretreat.org\/es\/wp-json\/wp\/v2\/pages\/7523\/revisions"}],"predecessor-version":[{"id":9535,"href":"https:\/\/holycrossretreat.org\/es\/wp-json\/wp\/v2\/pages\/7523\/revisions\/9535"}],"wp:featuredmedia":[{"embeddable":true,"href":"https:\/\/holycrossretreat.org\/es\/wp-json\/wp\/v2\/media\/9533"}],"wp:attachment":[{"href":"https:\/\/holycrossretreat.org\/es\/wp-json\/wp\/v2\/media?parent=7523"}],"curies":[{"name":"wp","href":"https:\/\/api.w.org\/{rel}","templated":true}]}}