{"id":7518,"date":"2020-03-09T23:01:10","date_gmt":"2020-03-10T03:01:10","guid":{"rendered":"https:\/\/holycrossretreat.org\/?page_id=7518"},"modified":"2025-05-05T17:13:34","modified_gmt":"2025-05-05T21:13:34","slug":"hermitage","status":"publish","type":"page","link":"https:\/\/holycrossretreat.org\/es\/hermitage\/","title":{"rendered":"Ermita"},"content":{"rendered":"<section class=\"l-section wpb_row height_huge with_img\"><div class=\"l-section-img\" role=\"img\" aria-label=\"Imagen\" data-img-width=\"538\" data-img-height=\"354\" style=\"background-image: url(https:\/\/holycrossretreat.org\/wp-content\/uploads\/2022\/04\/Hermitage-at-dawn-7-19.jpg);\"><\/div><div class=\"l-section-overlay\" style=\"background:rgba(0,0,0,0.6)\"><\/div><div class=\"l-section-h i-cf\"><div class=\"g-cols vc_row via_flex valign_top type_default stacking_default\"><div class=\"vc_col-sm-12 wpb_column vc_column_container\"><div class=\"vc_column-inner\"><div class=\"wpb_wrapper\"><div class=\"wpb_text_column\"><div class=\"wpb_wrapper\"><h2><span style=\"color: #ffffff;\"><strong>Ermita<\/strong><\/span><\/h2>\n<\/div><\/div><\/div><\/div><\/div><\/div><\/div><\/section><section class=\"l-section wpb_row height_medium\"><div class=\"l-section-h i-cf\"><div class=\"g-cols vc_row via_flex valign_top type_default stacking_default\"><div class=\"vc_col-sm-8 wpb_column vc_column_container\"><div class=\"vc_column-inner\"><div class=\"wpb_wrapper\"><div class=\"wpb_text_column\"><div class=\"wpb_wrapper\"><p>Las Ermitas en el Centro de Retiro Holy Cross en Las Cruces, NM son espacios \u00fanicos y pac\u00edficos para aquellos que buscan soledad y reflexi\u00f3n tranquila. El Hermitage ofrece alojamiento individual y privado para los hu\u00e9spedes que buscan una experiencia espiritual m\u00e1s profunda. Cada ermita est\u00e1 equipada con las comodidades b\u00e1sicas, que incluyen una cama c\u00f3moda, un ba\u00f1o privado y una peque\u00f1a cocina. La tranquilidad del entorno, unida a la soledad de la ermita, proporcionan un entorno ideal para la contemplaci\u00f3n y la reflexi\u00f3n sosegada. En honor al \u201cC\u00e1ntico de las Criaturas escrito por San Francisco de As\u00eds\u201d, una de ellas se llama <strong>\u201cErmita Hermano Fuego\u201d<\/strong> y tiene un pozo de fuego al lado del porche. La otra unidad se llama <strong>\u201cErmita hermana del agua\u201d<\/strong> y tiene una fuente de agua que atrae p\u00e1jaros y animales.<\/p>\n<p>Los hu\u00e9spedes del Hermitage pueden participar en los programas y servicios del centro, as\u00ed como pasar tiempo en la naturaleza, en oraci\u00f3n y en reflexi\u00f3n. Las ermitas del Centro de Retiro Holy Cross son lugares de renovaci\u00f3n y rejuvenecimiento espiritual, donde las personas o las parejas pueden profundizar su conexi\u00f3n con Dios y encontrar paz y renovaci\u00f3n en medio de un mundo ajetreado.<\/p>\n<\/div><\/div><div class=\"wpb_text_column\"><div class=\"wpb_wrapper\"><h4>\u00bfQui\u00e9n viene al Hermitage?<\/h4>\n<ul>\n<li>Individuos que est\u00e1n en transici\u00f3n en sus vidas y discerniendo el pr\u00f3ximo paso en sus viajes;<\/li>\n<li>Aquellos que buscan profundizar su vida de fe con tiempo extra de tranquilidad.<\/li>\n<li>Mujeres y hombres religiosos, ministros laicos y ordenados, rabinos, personas en profesiones curativas, educadores, escritores y otras personas que necesitan un tiempo fuera de sus ocupadas vidas de servicio.<\/li>\n<li>Personas que sienten que les falta algo, o que est\u00e1n experimentando un vac\u00edo, y quieren explorar formas de vivir una vida m\u00e1s afectuosa y plena.<\/li>\n<li>Escritores que buscan un lugar hermoso y c\u00f3modo para concentrarse.<\/li>\n<li>Artistas que buscan un momento de creatividad sin interrupciones.<\/li>\n<li>Personas que no saben lo que buscan pero saben que necesitan m\u00e1s silencio y espacio para descubrir lo que buscan.<\/li>\n<li>Personas que les guste meditar en paz.<\/li>\n<\/ul>\n<\/div><\/div><\/div><\/div><\/div><div class=\"vc_col-sm-4 wpb_column vc_column_container\"><div class=\"vc_column-inner\"><div class=\"wpb_wrapper\"><div class=\"w-image align_center\"><a target=\"_blank\" rel=\"nofollow\" href=\"https:\/\/holycrossretreat.org\/wp-content\/uploads\/2025\/05\/HermitageDigitalBrochure.pdf\" aria-label=\"Captura de pantalla 2022-10-14 a las 12.41.39 p. m.\" class=\"w-image-h\"><img decoding=\"async\" width=\"188\" height=\"400\" src=\"https:\/\/holycrossretreat.org\/wp-content\/uploads\/2022\/10\/Screen-Shot-2022-10-14-at-12.41.39-PM-188x400.png\" class=\"attachment-us_600_400 size-us_600_400\" alt=\"\" loading=\"lazy\" srcset=\"https:\/\/holycrossretreat.org\/wp-content\/uploads\/2022\/10\/Screen-Shot-2022-10-14-at-12.41.39-PM-188x400.png 188w, https:\/\/holycrossretreat.org\/wp-content\/uploads\/2022\/10\/Screen-Shot-2022-10-14-at-12.41.39-PM-141x300.png 141w, https:\/\/holycrossretreat.org\/wp-content\/uploads\/2022\/10\/Screen-Shot-2022-10-14-at-12.41.39-PM-6x12.png 6w, https:\/\/holycrossretreat.org\/wp-content\/uploads\/2022\/10\/Screen-Shot-2022-10-14-at-12.41.39-PM-70x150.png 70w, https:\/\/holycrossretreat.org\/wp-content\/uploads\/2022\/10\/Screen-Shot-2022-10-14-at-12.41.39-PM-50x106.png 50w, https:\/\/holycrossretreat.org\/wp-content\/uploads\/2022\/10\/Screen-Shot-2022-10-14-at-12.41.39-PM.png 379w\" sizes=\"auto, (max-width: 188px) 100vw, 188px\" \/><\/a><\/div><div class=\"wpb_text_column\"><div class=\"wpb_wrapper\"><p><a href=\"https:\/\/holycrossretreat.org\/wp-content\/uploads\/2025\/05\/HermitageDigitalBrochure.pdf\">Folleto digital del Hermitage<\/a><\/p>\n<\/div><\/div><\/div><\/div><\/div><\/div><\/div><\/section><section class=\"l-section wpb_row height_medium\"><div class=\"l-section-h i-cf\"><div class=\"g-cols vc_row via_flex valign_top type_default stacking_default\"><div class=\"vc_col-sm-12 wpb_column vc_column_container\"><div class=\"vc_column-inner\"><div class=\"wpb_wrapper\"><div class=\"w-image align_none\"><a ref=\"magnificPopup\" href=\"https:\/\/holycrossretreat.org\/wp-content\/uploads\/2022\/08\/Hermitage-at-dawn-7-19-300x300-1.jpg\" aria-label=\"Ermita al amanecer, 7-19-300x300\" class=\"w-image-h\"><img decoding=\"async\" width=\"300\" height=\"300\" src=\"https:\/\/holycrossretreat.org\/wp-content\/uploads\/2022\/08\/Hermitage-at-dawn-7-19-300x300-1.jpg\" class=\"attachment-large size-large\" alt=\"\" loading=\"lazy\" srcset=\"https:\/\/holycrossretreat.org\/wp-content\/uploads\/2022\/08\/Hermitage-at-dawn-7-19-300x300-1.jpg 300w, https:\/\/holycrossretreat.org\/wp-content\/uploads\/2022\/08\/Hermitage-at-dawn-7-19-300x300-1-150x150.jpg 150w, https:\/\/holycrossretreat.org\/wp-content\/uploads\/2022\/08\/Hermitage-at-dawn-7-19-300x300-1-12x12.jpg 12w, https:\/\/holycrossretreat.org\/wp-content\/uploads\/2022\/08\/Hermitage-at-dawn-7-19-300x300-1-50x50.jpg 50w\" sizes=\"auto, (max-width: 300px) 100vw, 300px\" \/><\/a><\/div><div class=\"w-image align_none\"><div class=\"w-image-h\"><img decoding=\"async\" width=\"1024\" height=\"632\" src=\"https:\/\/holycrossretreat.org\/wp-content\/uploads\/2023\/06\/front-view-of-2nd-hermitage-in-afternoon-cropped-1024x632.jpg\" class=\"attachment-large size-large\" alt=\"\" loading=\"lazy\" srcset=\"https:\/\/holycrossretreat.org\/wp-content\/uploads\/2023\/06\/front-view-of-2nd-hermitage-in-afternoon-cropped-1024x632.jpg 1024w, https:\/\/holycrossretreat.org\/wp-content\/uploads\/2023\/06\/front-view-of-2nd-hermitage-in-afternoon-cropped-600x370.jpg 600w, https:\/\/holycrossretreat.org\/wp-content\/uploads\/2023\/06\/front-view-of-2nd-hermitage-in-afternoon-cropped-300x185.jpg 300w, https:\/\/holycrossretreat.org\/wp-content\/uploads\/2023\/06\/front-view-of-2nd-hermitage-in-afternoon-cropped-18x12.jpg 18w, https:\/\/holycrossretreat.org\/wp-content\/uploads\/2023\/06\/front-view-of-2nd-hermitage-in-afternoon-cropped-150x93.jpg 150w, https:\/\/holycrossretreat.org\/wp-content\/uploads\/2023\/06\/front-view-of-2nd-hermitage-in-afternoon-cropped-50x31.jpg 50w\" sizes=\"auto, (max-width: 1024px) 100vw, 1024px\" \/><\/div><\/div><div class=\"w-image align_none\"><a ref=\"magnificPopup\" href=\"https:\/\/holycrossretreat.org\/wp-content\/uploads\/2023\/06\/bed-kitchenette-and-side-table-scaled.jpg\" aria-label=\"cama, cocina americana y mesa auxiliar\" class=\"w-image-h\"><img decoding=\"async\" width=\"1024\" height=\"768\" src=\"https:\/\/holycrossretreat.org\/wp-content\/uploads\/2023\/06\/bed-kitchenette-and-side-table-1024x768.jpg\" class=\"attachment-large size-large\" alt=\"\" loading=\"lazy\" srcset=\"https:\/\/holycrossretreat.org\/wp-content\/uploads\/2023\/06\/bed-kitchenette-and-side-table-1024x768.jpg 1024w, https:\/\/holycrossretreat.org\/wp-content\/uploads\/2023\/06\/bed-kitchenette-and-side-table-scaled-600x450.jpg 600w, https:\/\/holycrossretreat.org\/wp-content\/uploads\/2023\/06\/bed-kitchenette-and-side-table-300x225.jpg 300w, https:\/\/holycrossretreat.org\/wp-content\/uploads\/2023\/06\/bed-kitchenette-and-side-table-16x12.jpg 16w, https:\/\/holycrossretreat.org\/wp-content\/uploads\/2023\/06\/bed-kitchenette-and-side-table-150x113.jpg 150w, https:\/\/holycrossretreat.org\/wp-content\/uploads\/2023\/06\/bed-kitchenette-and-side-table-533x400.jpg 533w, https:\/\/holycrossretreat.org\/wp-content\/uploads\/2023\/06\/bed-kitchenette-and-side-table-50x38.jpg 50w\" sizes=\"auto, (max-width: 1024px) 100vw, 1024px\" \/><\/a><\/div><\/div><\/div><\/div><\/div><\/div><\/section><section class=\"l-section wpb_row height_medium\"><div class=\"l-section-h i-cf\"><div class=\"g-cols vc_row via_flex valign_top type_default stacking_default\"><div class=\"vc_col-sm-12 wpb_column vc_column_container\"><div class=\"vc_column-inner\"><div class=\"wpb_wrapper\"><div class=\"wpb_text_column\"><div class=\"wpb_wrapper\"><h4>\u00bfPor qu\u00e9 ir a una ermita o hacer un retiro privado?<\/h4>\n<p>El deseo de encontrar un lugar tranquilo para la oraci\u00f3n, a menudo en el desierto, es una larga tradici\u00f3n. Mois\u00e9s subi\u00f3 al monte Sina\u00ed, El\u00edas escuch\u00f3 la voz de Dios en el silencio de una monta\u00f1a, Juan el Bautista y Jes\u00fas fueron al desierto a orar. San Antonio el Grande vivi\u00f3 en el desierto de Egipto.<\/p>\n<p>La ermita de Holy Cross ofrece un lugar de tranquilidad y algo de aislamiento en el desierto, con vistas a las monta\u00f1as Organ. Las personas vienen a escuchar la voz de Dios, a relajarse y ayudar a discernir la direcci\u00f3n de sus vidas, y a nutrir el llamado interior a la soledad. Algunos tambi\u00e9n vienen para la meditaci\u00f3n o la expresi\u00f3n creativa. Ocasionalmente, una pareja tambi\u00e9n se re\u00fane para profundizar su fe compartida.<\/p>\n<p>Date tiempo para estar quieto. \u201cSer\u201d m\u00e1s que \u201chacer\u201d. San Francisco de As\u00eds a menudo tomaba largos tiempos de oraci\u00f3n a solas para guiar su ministerio activo.<\/p>\n<p>Considere pasar unos d\u00edas para estar en paz y sentir la riqueza de una experiencia de ermita.<\/p>\n<\/div><\/div><\/div><\/div><\/div><\/div><\/div><\/section><section class=\"l-section wpb_row height_medium\"><div class=\"l-section-h i-cf\"><div class=\"g-cols vc_row via_flex valign_top type_default stacking_default\"><div class=\"vc_col-sm-12 wpb_column vc_column_container\"><div class=\"vc_column-inner\"><div class=\"wpb_wrapper\"><div class=\"wpb_text_column\"><div class=\"wpb_wrapper\"><blockquote>\n<p>\u201cVenid a un lugar desierto.\u201d Marcos 6:31<\/p>\n<\/blockquote>\n<\/div><\/div><\/div><\/div><\/div><\/div><\/div><\/section>","protected":false},"excerpt":{"rendered":"Ermitas Las ermitas en el Centro de Retiro Holy Cross en Las Cruces, NM son espacios \u00fanicos y pac\u00edficos para aquellos que buscan soledad y reflexi\u00f3n tranquila. El Hermitage ofrece alojamiento individual y privado para los hu\u00e9spedes que buscan una experiencia espiritual m\u00e1s profunda. Cada ermita est\u00e1 equipada con las comodidades b\u00e1sicas, que incluyen una cama c\u00f3moda, un ba\u00f1o privado y una peque\u00f1a cocina....","protected":false},"author":1,"featured_media":7767,"parent":0,"menu_order":0,"comment_status":"closed","ping_status":"closed","template":"","meta":{"_monsterinsights_skip_tracking":false,"_monsterinsights_sitenote_active":false,"_monsterinsights_sitenote_note":"","_monsterinsights_sitenote_category":0,"footnotes":""},"class_list":["post-7518","page","type-page","status-publish","has-post-thumbnail","hentry"],"_links":{"self":[{"href":"https:\/\/holycrossretreat.org\/es\/wp-json\/wp\/v2\/pages\/7518","targetHints":{"allow":["GET"]}}],"collection":[{"href":"https:\/\/holycrossretreat.org\/es\/wp-json\/wp\/v2\/pages"}],"about":[{"href":"https:\/\/holycrossretreat.org\/es\/wp-json\/wp\/v2\/types\/page"}],"author":[{"embeddable":true,"href":"https:\/\/holycrossretreat.org\/es\/wp-json\/wp\/v2\/users\/1"}],"replies":[{"embeddable":true,"href":"https:\/\/holycrossretreat.org\/es\/wp-json\/wp\/v2\/comments?post=7518"}],"version-history":[{"count":35,"href":"https:\/\/holycrossretreat.org\/es\/wp-json\/wp\/v2\/pages\/7518\/revisions"}],"predecessor-version":[{"id":9664,"href":"https:\/\/holycrossretreat.org\/es\/wp-json\/wp\/v2\/pages\/7518\/revisions\/9664"}],"wp:featuredmedia":[{"embeddable":true,"href":"https:\/\/holycrossretreat.org\/es\/wp-json\/wp\/v2\/media\/7767"}],"wp:attachment":[{"href":"https:\/\/holycrossretreat.org\/es\/wp-json\/wp\/v2\/media?parent=7518"}],"curies":[{"name":"wp","href":"https:\/\/api.w.org\/{rel}","templated":true}]}}