{"id":7516,"date":"2020-03-09T22:59:12","date_gmt":"2020-03-10T02:59:12","guid":{"rendered":"https:\/\/holycrossretreat.org\/?page_id=7516"},"modified":"2025-05-02T18:11:03","modified_gmt":"2025-05-02T22:11:03","slug":"facilities","status":"publish","type":"page","link":"https:\/\/holycrossretreat.org\/es\/facilities\/","title":{"rendered":"Instalaciones"},"content":{"rendered":"<section class=\"l-section wpb_row height_huge with_img\"><div class=\"l-section-img\" role=\"img\" aria-label=\"Imagen\" data-img-width=\"800\" data-img-height=\"600\" style=\"background-image: url(https:\/\/holycrossretreat.org\/wp-content\/uploads\/2022\/04\/atrium.jpg);\"><\/div><div class=\"l-section-overlay\" style=\"background:rgba(0,0,0,0.6)\"><\/div><div class=\"l-section-h i-cf\"><div class=\"g-cols vc_row via_flex valign_top type_default stacking_default\"><div class=\"vc_col-sm-12 wpb_column vc_column_container\"><div class=\"vc_column-inner\"><div class=\"wpb_wrapper\"><div class=\"wpb_text_column\"><div class=\"wpb_wrapper\"><h2><span style=\"color: #ffffff;\"><strong>Facilities<\/strong><\/span><\/h2>\n<\/div><\/div><\/div><\/div><\/div><\/div><\/div><\/section><section class=\"l-section wpb_row height_medium\"><div class=\"l-section-h i-cf\"><div class=\"g-cols vc_row via_flex valign_top type_default stacking_default\"><div class=\"vc_col-sm-12 wpb_column vc_column_container\"><div class=\"vc_column-inner\"><div class=\"wpb_wrapper\"><div class=\"wpb_text_column\"><div class=\"wpb_wrapper\"><div class=\"w-&#091;30px&#093; flex flex-col relative items-end\">\n<div class=\"relative h-&#091;30px&#093; w-&#091;30px&#093; p-1 rounded-sm text-white flex items-center justify-center\">\n<div class=\"flex flex-grow flex-col gap-3\">\n<div class=\"min-h-&#091;20px&#093; flex flex-col items-start gap-4 whitespace-pre-wrap\">\n<div class=\"markdown prose w-full break-words dark:prose-invert light\">\n<p>The Holy Cross Retreat Center in Las Cruces, NM is a tranquil and peaceful setting for spiritual reflection and growth. The center offers various facilities to meet its guests&#8217; needs, including comfortable guest rooms, a chapel for prayer and worship, and a dining room for meals. In addition, the center features extensive grounds for walking and contemplative activities, as well as meeting rooms for group retreats and workshops. Guests can also take advantage of the center&#8217;s library, which offers a range of spiritual and religious books and materials, and the gift shop, which features a selection of gifts and mementos. Holy Cross Retreat Center staff is dedicated to providing a warm and welcoming atmosphere and supporting the spiritual growth and well-being of all guests.<\/p>\n<\/div>\n<\/div>\n<\/div>\n<\/div>\n<\/div>\n<\/div><\/div><\/div><\/div><\/div><\/div><\/div><\/section><section class=\"l-section wpb_row height_medium\"><div class=\"l-section-h i-cf\"><div class=\"g-cols vc_row via_flex valign_top type_default stacking_default\"><div class=\"vc_col-sm-12 wpb_column vc_column_container\"><div class=\"vc_column-inner\"><div class=\"wpb_wrapper\"><div class=\"w-grid us_grid type_grid layout_blog_1 cols_5 preload_style_spinner\" id=\"us_grid_1\" style=\"--columns:5;--gap:1.5rem;\"><style>@media (max-width:1380px){#us_grid_1{--columns:3!important}}@media (max-width:1024px){#us_grid_1{--columns:2!important}}@media (max-width:600px){#us_grid_1{--columns:1!important}}.layout_blog_1 .w-grid-item-h{}.layout_blog_1 .usg_post_image_1{margin-bottom:0.5rem!important}.layout_blog_1 .usg_post_title_1{font-size:1rem!important}<\/style><div class=\"w-grid-list\">\t<article class=\"w-grid-item size_1x1 post-9638 page type-page status-publish has-post-thumbnail hentry\" data-id=\"9638\">\r\n\t\t<div class=\"w-grid-item-h\">\r\n\t\t\t\t\t\t<div class=\"w-post-elm post_image usg_post_image_1 stretched\"><a href=\"https:\/\/holycrossretreat.org\/es\/labyrinth\/\" aria-label=\"Labyrinth\"><img loading=\"lazy\" decoding=\"async\" width=\"1024\" height=\"768\" src=\"https:\/\/holycrossretreat.org\/wp-content\/uploads\/2025\/05\/HCRCLabyrinth-1024x768.jpg\" class=\"attachment-large size-large wp-post-image\" alt=\"\" srcset=\"https:\/\/holycrossretreat.org\/wp-content\/uploads\/2025\/05\/HCRCLabyrinth-1024x768.jpg 1024w, https:\/\/holycrossretreat.org\/wp-content\/uploads\/2025\/05\/HCRCLabyrinth-300x225.jpg 300w, https:\/\/holycrossretreat.org\/wp-content\/uploads\/2025\/05\/HCRCLabyrinth-16x12.jpg 16w, https:\/\/holycrossretreat.org\/wp-content\/uploads\/2025\/05\/HCRCLabyrinth-150x113.jpg 150w, https:\/\/holycrossretreat.org\/wp-content\/uploads\/2025\/05\/HCRCLabyrinth-533x400.jpg 533w, https:\/\/holycrossretreat.org\/wp-content\/uploads\/2025\/05\/HCRCLabyrinth-50x38.jpg 50w, https:\/\/holycrossretreat.org\/wp-content\/uploads\/2025\/05\/HCRCLabyrinth-600x450.jpg 600w\" sizes=\"auto, (max-width: 1024px) 100vw, 1024px\" \/><\/a><\/div><h2 class=\"w-post-elm post_title usg_post_title_1 entry-title color_link_inherit\"><a href=\"https:\/\/holycrossretreat.org\/es\/labyrinth\/\">Labyrinth<\/a><\/h2>\t\t<\/div>\r\n\t\t\t<\/article>\r\n\t<article class=\"w-grid-item size_1x1 post-7714 page type-page status-publish has-post-thumbnail hentry\" data-id=\"7714\">\r\n\t\t<div class=\"w-grid-item-h\">\r\n\t\t\t\t\t\t<div class=\"w-post-elm post_image usg_post_image_1 stretched\"><a href=\"https:\/\/holycrossretreat.org\/es\/conference-and-meeting-rooms\/\" aria-label=\"Conference and Meeting Rooms\"><img loading=\"lazy\" decoding=\"async\" width=\"1024\" height=\"768\" src=\"https:\/\/holycrossretreat.org\/wp-content\/uploads\/2022\/10\/Deacons-of-Las-Cruces-retreat-Bishop-Cantu-8-21-14-1024x768.jpg\" class=\"attachment-large size-large wp-post-image\" alt=\"\" srcset=\"https:\/\/holycrossretreat.org\/wp-content\/uploads\/2022\/10\/Deacons-of-Las-Cruces-retreat-Bishop-Cantu-8-21-14-1024x768.jpg 1024w, https:\/\/holycrossretreat.org\/wp-content\/uploads\/2022\/10\/Deacons-of-Las-Cruces-retreat-Bishop-Cantu-8-21-14-600x450.jpg 600w, https:\/\/holycrossretreat.org\/wp-content\/uploads\/2022\/10\/Deacons-of-Las-Cruces-retreat-Bishop-Cantu-8-21-14-300x225.jpg 300w, https:\/\/holycrossretreat.org\/wp-content\/uploads\/2022\/10\/Deacons-of-Las-Cruces-retreat-Bishop-Cantu-8-21-14-16x12.jpg 16w, https:\/\/holycrossretreat.org\/wp-content\/uploads\/2022\/10\/Deacons-of-Las-Cruces-retreat-Bishop-Cantu-8-21-14-150x113.jpg 150w, https:\/\/holycrossretreat.org\/wp-content\/uploads\/2022\/10\/Deacons-of-Las-Cruces-retreat-Bishop-Cantu-8-21-14-533x400.jpg 533w, https:\/\/holycrossretreat.org\/wp-content\/uploads\/2022\/10\/Deacons-of-Las-Cruces-retreat-Bishop-Cantu-8-21-14-50x38.jpg 50w\" sizes=\"auto, (max-width: 1024px) 100vw, 1024px\" \/><\/a><\/div><h2 class=\"w-post-elm post_title usg_post_title_1 entry-title color_link_inherit\"><a href=\"https:\/\/holycrossretreat.org\/es\/conference-and-meeting-rooms\/\">Conference and Meeting Rooms<\/a><\/h2>\t\t<\/div>\r\n\t\t\t<\/article>\r\n\t<article class=\"w-grid-item size_1x1 post-7577 page type-page status-publish has-post-thumbnail hentry\" data-id=\"7577\">\r\n\t\t<div class=\"w-grid-item-h\">\r\n\t\t\t\t\t\t<div class=\"w-post-elm post_image usg_post_image_1 stretched\"><a href=\"https:\/\/holycrossretreat.org\/es\/room-accommodations\/\" aria-label=\"Room Accommodations\"><img loading=\"lazy\" decoding=\"async\" width=\"1000\" height=\"667\" src=\"https:\/\/holycrossretreat.org\/wp-content\/uploads\/2022\/07\/room-accomodations.jpg\" class=\"attachment-large size-large wp-post-image\" alt=\"\" srcset=\"https:\/\/holycrossretreat.org\/wp-content\/uploads\/2022\/07\/room-accomodations.jpg 1000w, https:\/\/holycrossretreat.org\/wp-content\/uploads\/2022\/07\/room-accomodations-600x400.jpg 600w, https:\/\/holycrossretreat.org\/wp-content\/uploads\/2022\/07\/room-accomodations-300x200.jpg 300w, https:\/\/holycrossretreat.org\/wp-content\/uploads\/2022\/07\/room-accomodations-18x12.jpg 18w, https:\/\/holycrossretreat.org\/wp-content\/uploads\/2022\/07\/room-accomodations-150x100.jpg 150w, https:\/\/holycrossretreat.org\/wp-content\/uploads\/2022\/07\/room-accomodations-50x33.jpg 50w\" sizes=\"auto, (max-width: 1000px) 100vw, 1000px\" \/><\/a><\/div><h2 class=\"w-post-elm post_title usg_post_title_1 entry-title color_link_inherit\"><a href=\"https:\/\/holycrossretreat.org\/es\/room-accommodations\/\">Room Accommodations<\/a><\/h2>\t\t<\/div>\r\n\t\t\t<\/article>\r\n\t<article class=\"w-grid-item size_1x1 post-7562 page type-page status-publish has-post-thumbnail hentry\" data-id=\"7562\">\r\n\t\t<div class=\"w-grid-item-h\">\r\n\t\t\t\t\t\t<div class=\"w-post-elm post_image usg_post_image_1 stretched\"><a href=\"https:\/\/holycrossretreat.org\/es\/chapel\/\" aria-label=\"Holy Cross Chapel\"><img loading=\"lazy\" decoding=\"async\" width=\"1000\" height=\"667\" src=\"https:\/\/holycrossretreat.org\/wp-content\/uploads\/2020\/03\/hrc-chapel-wide.jpg\" class=\"attachment-large size-large wp-post-image\" alt=\"\" srcset=\"https:\/\/holycrossretreat.org\/wp-content\/uploads\/2020\/03\/hrc-chapel-wide.jpg 1000w, https:\/\/holycrossretreat.org\/wp-content\/uploads\/2020\/03\/hrc-chapel-wide-600x400.jpg 600w, https:\/\/holycrossretreat.org\/wp-content\/uploads\/2020\/03\/hrc-chapel-wide-300x200.jpg 300w, https:\/\/holycrossretreat.org\/wp-content\/uploads\/2020\/03\/hrc-chapel-wide-150x100.jpg 150w, https:\/\/holycrossretreat.org\/wp-content\/uploads\/2020\/03\/hrc-chapel-wide-18x12.jpg 18w, https:\/\/holycrossretreat.org\/wp-content\/uploads\/2020\/03\/hrc-chapel-wide-50x33.jpg 50w\" sizes=\"auto, (max-width: 1000px) 100vw, 1000px\" \/><\/a><\/div><h2 class=\"w-post-elm post_title usg_post_title_1 entry-title color_link_inherit\"><a href=\"https:\/\/holycrossretreat.org\/es\/chapel\/\">Holy Cross Chapel<\/a><\/h2>\t\t<\/div>\r\n\t\t\t<\/article>\r\n\t<article class=\"w-grid-item size_1x1 post-7518 page type-page status-publish has-post-thumbnail hentry\" data-id=\"7518\">\r\n\t\t<div class=\"w-grid-item-h\">\r\n\t\t\t\t\t\t<div class=\"w-post-elm post_image usg_post_image_1 stretched\"><a href=\"https:\/\/holycrossretreat.org\/es\/hermitage\/\" aria-label=\"Hermitage\"><img loading=\"lazy\" decoding=\"async\" width=\"538\" height=\"354\" src=\"https:\/\/holycrossretreat.org\/wp-content\/uploads\/2022\/04\/Hermitage-at-dawn-7-19.jpg\" class=\"attachment-large size-large wp-post-image\" alt=\"\" srcset=\"https:\/\/holycrossretreat.org\/wp-content\/uploads\/2022\/04\/Hermitage-at-dawn-7-19.jpg 538w, https:\/\/holycrossretreat.org\/wp-content\/uploads\/2022\/04\/Hermitage-at-dawn-7-19-300x197.jpg 300w, https:\/\/holycrossretreat.org\/wp-content\/uploads\/2022\/04\/Hermitage-at-dawn-7-19-18x12.jpg 18w, https:\/\/holycrossretreat.org\/wp-content\/uploads\/2022\/04\/Hermitage-at-dawn-7-19-150x99.jpg 150w, https:\/\/holycrossretreat.org\/wp-content\/uploads\/2022\/04\/Hermitage-at-dawn-7-19-50x33.jpg 50w\" sizes=\"auto, (max-width: 538px) 100vw, 538px\" \/><\/a><\/div><h2 class=\"w-post-elm post_title usg_post_title_1 entry-title color_link_inherit\"><a href=\"https:\/\/holycrossretreat.org\/es\/hermitage\/\">Hermitage<\/a><\/h2>\t\t<\/div>\r\n\t\t\t<\/article>\r\n<\/div>\t<div class=\"w-grid-preloader\">\r\n\t\t<div class=\"g-preloader type_1\">\r\n\t\t\t<div><\/div>\r\n\t\t<\/div>\r\n\t<\/div>\r\n\t\t<div class=\"w-grid-json hidden\" onclick='return {&quot;action&quot;:&quot;us_ajax_grid&quot;,&quot;infinite_scroll&quot;:0,&quot;max_num_pages&quot;:1,&quot;pagination&quot;:&quot;none&quot;,&quot;template_vars&quot;:{&quot;columns&quot;:&quot;5&quot;,&quot;exclude_items&quot;:&quot;none&quot;,&quot;img_size&quot;:&quot;default&quot;,&quot;ignore_items_size&quot;:0,&quot;items_layout&quot;:&quot;blog_1&quot;,&quot;items_offset&quot;:&quot;1&quot;,&quot;load_animation&quot;:&quot;none&quot;,&quot;overriding_link&quot;:&quot;{\\&quot;url\\&quot;:\\&quot;\\&quot;}&quot;,&quot;post_id&quot;:0,&quot;query_args&quot;:{&quot;ignore_sticky_posts&quot;:1,&quot;post_type&quot;:&quot;any&quot;,&quot;post__in&quot;:[&quot;7577&quot;,&quot;7714&quot;,&quot;7562&quot;,&quot;7518&quot;,&quot;9638&quot;],&quot;tax_query&quot;:[{&quot;taxonomy&quot;:&quot;product_visibility&quot;,&quot;field&quot;:&quot;slug&quot;,&quot;terms&quot;:[&quot;exclude-from-catalog&quot;],&quot;operator&quot;:&quot;NOT IN&quot;}],&quot;posts_per_page&quot;:&quot;10&quot;},&quot;orderby_query_args&quot;:{&quot;orderby&quot;:&quot;custom_field_num&quot;,&quot;meta_key&quot;:&quot;&quot;,&quot;order&quot;:&quot;DESC&quot;},&quot;type&quot;:&quot;grid&quot;,&quot;us_grid_post_type&quot;:&quot;ids&quot;,&quot;us_grid_ajax_index&quot;:1,&quot;us_grid_filter_query_string&quot;:null,&quot;us_grid_index&quot;:1,&quot;page_args&quot;:[]}}'><\/div>\r\n\t<\/div><\/div><\/div><\/div><\/div><\/div><\/section>\n","protected":false},"excerpt":{"rendered":"Ermitas Las ermitas en el Centro de Retiro Holy Cross en Las Cruces, NM son espacios \u00fanicos y pac\u00edficos para aquellos que buscan soledad y reflexi\u00f3n tranquila. El Hermitage ofrece alojamiento individual y privado para los hu\u00e9spedes que buscan una experiencia espiritual m\u00e1s profunda. Cada ermita est\u00e1 equipada con las comodidades b\u00e1sicas, que incluyen una cama c\u00f3moda, un ba\u00f1o privado y una peque\u00f1a cocina....","protected":false},"author":1,"featured_media":0,"parent":0,"menu_order":0,"comment_status":"closed","ping_status":"closed","template":"","meta":{"_monsterinsights_skip_tracking":false,"_monsterinsights_sitenote_active":false,"_monsterinsights_sitenote_note":"","_monsterinsights_sitenote_category":0,"footnotes":""},"class_list":["post-7516","page","type-page","status-publish","hentry"],"_links":{"self":[{"href":"https:\/\/holycrossretreat.org\/es\/wp-json\/wp\/v2\/pages\/7516","targetHints":{"allow":["GET"]}}],"collection":[{"href":"https:\/\/holycrossretreat.org\/es\/wp-json\/wp\/v2\/pages"}],"about":[{"href":"https:\/\/holycrossretreat.org\/es\/wp-json\/wp\/v2\/types\/page"}],"author":[{"embeddable":true,"href":"https:\/\/holycrossretreat.org\/es\/wp-json\/wp\/v2\/users\/1"}],"replies":[{"embeddable":true,"href":"https:\/\/holycrossretreat.org\/es\/wp-json\/wp\/v2\/comments?post=7516"}],"version-history":[{"count":6,"href":"https:\/\/holycrossretreat.org\/es\/wp-json\/wp\/v2\/pages\/7516\/revisions"}],"predecessor-version":[{"id":9654,"href":"https:\/\/holycrossretreat.org\/es\/wp-json\/wp\/v2\/pages\/7516\/revisions\/9654"}],"wp:attachment":[{"href":"https:\/\/holycrossretreat.org\/es\/wp-json\/wp\/v2\/media?parent=7516"}],"curies":[{"name":"wp","href":"https:\/\/api.w.org\/{rel}","templated":true}]}}