{"id":7511,"date":"2020-03-09T22:51:03","date_gmt":"2020-03-10T02:51:03","guid":{"rendered":"https:\/\/holycrossretreat.org\/?page_id=7511"},"modified":"2024-09-16T16:41:08","modified_gmt":"2024-09-16T20:41:08","slug":"franciscan-tradition","status":"publish","type":"page","link":"https:\/\/holycrossretreat.org\/es\/franciscan-tradition\/","title":{"rendered":"Tradici\u00f3n Franciscana"},"content":{"rendered":"<section class=\"l-section wpb_row height_huge with_img\"><div class=\"l-section-img\" role=\"img\" aria-label=\"Imagen\" data-img-width=\"1000\" data-img-height=\"667\" style=\"background-image: url(https:\/\/holycrossretreat.org\/wp-content\/uploads\/2022\/03\/knot-cord.jpg);\"><\/div><div class=\"l-section-overlay\" style=\"background:rgba(0,0,0,0.6)\"><\/div><div class=\"l-section-h i-cf\"><div class=\"g-cols vc_row via_flex valign_top type_default stacking_default\"><div class=\"vc_col-sm-12 wpb_column vc_column_container\"><div class=\"vc_column-inner\"><div class=\"wpb_wrapper\"><div class=\"wpb_text_column\"><div class=\"wpb_wrapper\"><h2><span style=\"color: #ffffff;\"><strong>Tradici\u00f3n Franciscana<\/strong><\/span><\/h2>\n<\/div><\/div><\/div><\/div><\/div><\/div><\/div><\/section><section class=\"l-section wpb_row height_medium\"><div class=\"l-section-h i-cf\"><div class=\"g-cols vc_row via_flex valign_top type_default stacking_default\"><div class=\"vc_col-sm-8 wpb_column vc_column_container\"><div class=\"vc_column-inner\"><div class=\"wpb_wrapper\"><div class=\"wpb_text_column\"><div class=\"wpb_wrapper\"><h4>LA TRADICI\u00d3N FRANCISCANA DE LA HOSPITALIDAD<\/h4>\n<\/div><\/div><div class=\"w-separator size_small\"><\/div><div class=\"wpb_text_column\"><div class=\"wpb_wrapper\"><p>Las Escrituras nos llaman a acoger al extranjero ya cuidar con justicia a los necesitados. \u201cNo tratar\u00e9is al extranjero que resida con vosotros diferente de los naturales nacidos entre vosotros; amar\u00e1s al extra\u00f1o como a ti mismo; porque tambi\u00e9n vosotros en otro tiempo fuisteis forasteros en la tierra de Egipto. Lev\u00edtico 19:34 \u201c\u201cDefiende al humilde y al hu\u00e9rfano; hacer justicia a los afligidos y necesitados. Rescata a los humildes y a los pobres\u2026\u201d Salmo 82:3-4a \u201cS\u00e9 generoso en ofrecer hospitalidad.\u201d Romanos 12:13<\/p>\n<p>San Francisco de As\u00eds eligi\u00f3 vivir como un hombre pobre para cuidar a los pobres de su tiempo. Esto inclu\u00eda a los enfermos, los leprosos y los rechazados por otros.<\/p>\n<\/div><\/div><div class=\"w-separator size_small\"><\/div><div class=\"wpb_text_column\"><div class=\"wpb_wrapper\"><h4>SEGUIR FOMENTANDO UN AMBIENTE DE HOSPITALIDAD<\/h4>\n<\/div><\/div><div class=\"w-separator size_small\"><\/div><div class=\"wpb_text_column\"><div class=\"wpb_wrapper\"><p>En ese esp\u00edritu brindamos hospitalidad franciscana a una variedad de personas.<\/p>\n<ul>\n<li><strong>Grupos e individuos que buscan un lugar para retiros dirigidos por los frailes o por sus propios l\u00edderes.<\/strong><\/li>\n<li><strong>Grupos religiosos y sin fines de lucro que buscan un lugar acogedor para oraci\u00f3n, conferencias u otras reuniones.<\/strong><\/li>\n<li><strong>Aquellos que viven fuera de la ciudad y necesitan un lugar donde quedarse mientras reciben tratamiento m\u00e9dico localmente.<br \/>\n<\/strong><\/li>\n<li><strong>Aquellos que son refugiados y necesitan un lugar temporal, especialmente familias que tienen permiso para solicitar asilo y quieren ayuda para llegar a sus familiares o patrocinadores en los EE. UU.<br \/>\n<\/strong><\/li>\n<li><strong>Aquellos que est\u00e1n en peligro inminente de deportaci\u00f3n y est\u00e1n tratando de mantener unida a su familia.<br \/>\n<\/strong><\/li>\n<li><strong>Quienes buscan la ayuda de un programa de 12 pasos para lidiar con la adicci\u00f3n (domingos a las 16:30 horas en la biblioteca)<br \/>\n<\/strong><\/li>\n<li><strong>Individuos que necesitan una noche o dos en transici\u00f3n.<br \/>\n<\/strong><\/li>\n<li><strong>Visitas a dos c\u00e1rceles cada mes para ofrecer confesiones, celebraci\u00f3n de la Eucarist\u00eda y esperanza a los presos que no pueden viajar a visitar a ning\u00fan lado.<\/strong><\/li>\n<\/ul>\n<p>De esta manera, ofrecemos un servicio directo a los necesitados, al mismo tiempo que trabajamos con grupos para promover la justicia y cambiar los sistemas, como un grupo de organizaci\u00f3n comunitaria local llamado CAF\u00e9, que deja a la gente vulnerable y pobre. A menudo, una c\u00e1lida bienvenida, una persona atenta que escuche, una buena comida y una habitaci\u00f3n son muy sanadores para las personas. \u00a1Piensa en c\u00f3mo puedes promover la justicia, ofrecer una forma de hospitalidad t\u00fa mismo o unirte a nosotros en nuestra Hospitalidad Franciscana!<\/p>\n<\/div><\/div><\/div><\/div><\/div><div class=\"vc_col-sm-4 wpb_column vc_column_container\"><div class=\"vc_column-inner\"><div class=\"wpb_wrapper\"><div class=\"w-image align_center\"><div class=\"w-image-h\"><img decoding=\"async\" width=\"509\" height=\"1024\" src=\"https:\/\/holycrossretreat.org\/wp-content\/uploads\/2022\/03\/francisco-y-leproso-509x1024.jpg\" class=\"attachment-large size-large\" alt=\"\" loading=\"lazy\" srcset=\"https:\/\/holycrossretreat.org\/wp-content\/uploads\/2022\/03\/francisco-y-leproso-509x1024.jpg 509w, https:\/\/holycrossretreat.org\/wp-content\/uploads\/2022\/03\/francisco-y-leproso-600x1207.jpg 600w, https:\/\/holycrossretreat.org\/wp-content\/uploads\/2022\/03\/francisco-y-leproso-149x300.jpg 149w, https:\/\/holycrossretreat.org\/wp-content\/uploads\/2022\/03\/francisco-y-leproso-6x12.jpg 6w, https:\/\/holycrossretreat.org\/wp-content\/uploads\/2022\/03\/francisco-y-leproso-75x150.jpg 75w, https:\/\/holycrossretreat.org\/wp-content\/uploads\/2022\/03\/francisco-y-leproso-199x400.jpg 199w, https:\/\/holycrossretreat.org\/wp-content\/uploads\/2022\/03\/francisco-y-leproso-50x101.jpg 50w, https:\/\/holycrossretreat.org\/wp-content\/uploads\/2022\/03\/francisco-y-leproso.jpg 738w\" sizes=\"auto, (max-width: 509px) 100vw, 509px\" \/><\/div><\/div><\/div><\/div><\/div><\/div><\/div><\/section><section class=\"l-section wpb_row height_medium\"><div class=\"l-section-h i-cf\"><div class=\"g-cols vc_row via_flex valign_top type_default stacking_default\"><div class=\"vc_col-sm-4 wpb_column vc_column_container\"><div class=\"vc_column-inner\"><div class=\"wpb_wrapper\"><div class=\"w-popup align_center\"><button class=\"w-popup-trigger type_image\" type=\"button\" aria-label=\"Surgir\"><img loading=\"lazy\" decoding=\"async\" width=\"1024\" height=\"768\" src=\"https:\/\/holycrossretreat.org\/wp-content\/uploads\/2022\/03\/Teri-Neff-and-Tom-under-tree-1024x768.jpg\" class=\"attachment-large size-large\" alt=\"\" srcset=\"https:\/\/holycrossretreat.org\/wp-content\/uploads\/2022\/03\/Teri-Neff-and-Tom-under-tree-1024x768.jpg 1024w, https:\/\/holycrossretreat.org\/wp-content\/uploads\/2022\/03\/Teri-Neff-and-Tom-under-tree-600x450.jpg 600w, https:\/\/holycrossretreat.org\/wp-content\/uploads\/2022\/03\/Teri-Neff-and-Tom-under-tree-300x225.jpg 300w, https:\/\/holycrossretreat.org\/wp-content\/uploads\/2022\/03\/Teri-Neff-and-Tom-under-tree-16x12.jpg 16w, https:\/\/holycrossretreat.org\/wp-content\/uploads\/2022\/03\/Teri-Neff-and-Tom-under-tree-150x113.jpg 150w, https:\/\/holycrossretreat.org\/wp-content\/uploads\/2022\/03\/Teri-Neff-and-Tom-under-tree-533x400.jpg 533w, https:\/\/holycrossretreat.org\/wp-content\/uploads\/2022\/03\/Teri-Neff-and-Tom-under-tree-50x38.jpg 50w\" sizes=\"auto, (max-width: 1024px) 100vw, 1024px\" \/><\/button><div class=\"w-popup-overlay\" style=\"background:rgba(0,0,0,0.85);\"><\/div><div class=\"w-popup-wrap layout_default\" role=\"dialog\" aria-modal=\"true\" aria-label=\"Surgir\" style=\"--title-color:var(--color-content-heading);--title-bg-color:var(--color-content-bg-alt);--content-color:var(--color-content-text);--content-bg-color:var(--color-content-bg);--popup-width:600px;--popup-padding:5%;\"><button aria-label=\"Cerrar\" class=\"w-popup-closer\" type=\"button\"><\/button><div class=\"w-popup-box animation_fadeIn closerpos_outside without_title\"><div class=\"w-popup-box-h\"><div class=\"w-popup-box-content\"><p>Este contenido aparecer\u00e1 dentro de una ventana emergente...<\/p>\n<\/div><\/div><\/div><\/div><\/div><\/div><\/div><\/div><div class=\"vc_col-sm-4 wpb_column vc_column_container\"><div class=\"vc_column-inner\"><div class=\"wpb_wrapper\"><div class=\"w-image align_none\"><div class=\"w-image-h\"><img decoding=\"async\" width=\"1024\" height=\"768\" src=\"https:\/\/holycrossretreat.org\/wp-content\/uploads\/2022\/10\/Joaquin-and-Dafne-for-her-10th-Birthday-with-CA-refugees-volunteers-and-World-Leadership-School-1024x768.jpg\" class=\"attachment-large size-large\" alt=\"\" loading=\"lazy\" srcset=\"https:\/\/holycrossretreat.org\/wp-content\/uploads\/2022\/10\/Joaquin-and-Dafne-for-her-10th-Birthday-with-CA-refugees-volunteers-and-World-Leadership-School-1024x768.jpg 1024w, https:\/\/holycrossretreat.org\/wp-content\/uploads\/2022\/10\/Joaquin-and-Dafne-for-her-10th-Birthday-with-CA-refugees-volunteers-and-World-Leadership-School-600x450.jpg 600w, https:\/\/holycrossretreat.org\/wp-content\/uploads\/2022\/10\/Joaquin-and-Dafne-for-her-10th-Birthday-with-CA-refugees-volunteers-and-World-Leadership-School-300x225.jpg 300w, https:\/\/holycrossretreat.org\/wp-content\/uploads\/2022\/10\/Joaquin-and-Dafne-for-her-10th-Birthday-with-CA-refugees-volunteers-and-World-Leadership-School-16x12.jpg 16w, https:\/\/holycrossretreat.org\/wp-content\/uploads\/2022\/10\/Joaquin-and-Dafne-for-her-10th-Birthday-with-CA-refugees-volunteers-and-World-Leadership-School-150x113.jpg 150w, https:\/\/holycrossretreat.org\/wp-content\/uploads\/2022\/10\/Joaquin-and-Dafne-for-her-10th-Birthday-with-CA-refugees-volunteers-and-World-Leadership-School-533x400.jpg 533w, https:\/\/holycrossretreat.org\/wp-content\/uploads\/2022\/10\/Joaquin-and-Dafne-for-her-10th-Birthday-with-CA-refugees-volunteers-and-World-Leadership-School-50x38.jpg 50w\" sizes=\"auto, (max-width: 1024px) 100vw, 1024px\" \/><\/div><\/div><\/div><\/div><\/div><div class=\"vc_col-sm-4 wpb_column vc_column_container\"><div class=\"vc_column-inner\"><div class=\"wpb_wrapper\"><\/div><\/div><\/div><\/div><\/div><\/section>","protected":false},"excerpt":{"rendered":"Tradici\u00f3n Franciscana LA TRADICI\u00d3N FRANCISCANA DE LA HOSPITALIDAD Las Escrituras nos llaman a acoger al extranjero ya cuidar con justicia a los necesitados. \u201cNo tratar\u00e9is al extranjero que resida con vosotros diferente de los naturales nacidos entre vosotros; amar\u00e1s al extra\u00f1o como a ti mismo; porque vosotros tambi\u00e9n fuisteis extranjeros en...","protected":false},"author":1,"featured_media":0,"parent":0,"menu_order":0,"comment_status":"closed","ping_status":"closed","template":"","meta":{"_monsterinsights_skip_tracking":false,"_monsterinsights_sitenote_active":false,"_monsterinsights_sitenote_note":"","_monsterinsights_sitenote_category":0,"footnotes":""},"class_list":["post-7511","page","type-page","status-publish","hentry"],"_links":{"self":[{"href":"https:\/\/holycrossretreat.org\/es\/wp-json\/wp\/v2\/pages\/7511","targetHints":{"allow":["GET"]}}],"collection":[{"href":"https:\/\/holycrossretreat.org\/es\/wp-json\/wp\/v2\/pages"}],"about":[{"href":"https:\/\/holycrossretreat.org\/es\/wp-json\/wp\/v2\/types\/page"}],"author":[{"embeddable":true,"href":"https:\/\/holycrossretreat.org\/es\/wp-json\/wp\/v2\/users\/1"}],"replies":[{"embeddable":true,"href":"https:\/\/holycrossretreat.org\/es\/wp-json\/wp\/v2\/comments?post=7511"}],"version-history":[{"count":11,"href":"https:\/\/holycrossretreat.org\/es\/wp-json\/wp\/v2\/pages\/7511\/revisions"}],"predecessor-version":[{"id":9330,"href":"https:\/\/holycrossretreat.org\/es\/wp-json\/wp\/v2\/pages\/7511\/revisions\/9330"}],"wp:attachment":[{"href":"https:\/\/holycrossretreat.org\/es\/wp-json\/wp\/v2\/media?parent=7511"}],"curies":[{"name":"wp","href":"https:\/\/api.w.org\/{rel}","templated":true}]}}