{"id":7505,"date":"2020-03-09T22:42:38","date_gmt":"2020-03-10T02:42:38","guid":{"rendered":"https:\/\/holycrossretreat.org\/?page_id=7505"},"modified":"2024-05-17T10:13:32","modified_gmt":"2024-05-17T14:13:32","slug":"holy-cross-retreat-foundation","status":"publish","type":"page","link":"https:\/\/holycrossretreat.org\/es\/holy-cross-retreat-foundation\/","title":{"rendered":"Fundaci\u00f3n Retiro Santa Cruz"},"content":{"rendered":"<section class=\"l-section wpb_row height_medium\"><div class=\"l-section-h i-cf\"><div class=\"g-cols vc_row via_flex valign_top type_default stacking_default\"><div class=\"vc_col-sm-12 wpb_column vc_column_container\"><div class=\"vc_column-inner\"><div class=\"wpb_wrapper\"><div class=\"wpb_text_column\"><div class=\"wpb_wrapper\"><h4>FOMENTANDO UN AMBIENTE EN LA TRADICI\u00d3N FRANCISCANA<\/h4>\n<p>En 1981, un grupo de alcoh\u00f3licos en recuperaci\u00f3n, ansiosos por poner a disposici\u00f3n de quienes los sucedieran las ricas bendiciones espirituales que recibieron durante un retiro en Holy Cross, establecieron una Fundaci\u00f3n para el apoyo del Centro de Retiro. Reflexionando con profunda gratitud, un miembro de ese grupo dijo: \u201cEl retiro que hice en Holy Cross no solo salv\u00f3 mi negocio sino, lo que es m\u00e1s importante, me devolvi\u00f3 a mi esposa y mi familia. \u201d Gracias a la generosidad de estos tres grandes hombres, Riley Brown, Bill Burton y John Clifford, los dividendos de esa Fundaci\u00f3n nos han permitido mejorar las instalaciones y completar muchos proyectos que habr\u00edan sido muy dif\u00edciles sin la ayuda de la Fundaci\u00f3n. . Es muy obvio lo que las personas de buen coraz\u00f3n pueden lograr cuando trabajan juntas.<br \/>\nLa Fundaci\u00f3n fue establecida como un Memorial al P. Owen de Silva OFM, el Fundador de Holy Cross Retreats.<\/p>\n<p>LAS DONACIONES A ESTA FUNDACI\u00d3N SE UTILIZAR\u00c1N DE LA SIGUIENTE MANERA:<br \/>\n1) Comprar el equipo y los suministros necesarios para llevar a cabo los programas.<br \/>\n2) Proporcionar honorarios a los oradores invitados.<br \/>\n3) Brindar asistencia en la planificaci\u00f3n, promoci\u00f3n y ejecuci\u00f3n de programas religiosos.<br \/>\n4) Hacer mejoras a los edificios que sirven al centro de retiro.<br \/>\n5) Las finanzas de este Fondo no se utilizar\u00e1n para salarios del personal, mantenimiento operativo diario, como servicios p\u00fablicos, alimentos o mantenimiento normal.<br \/>\nLas donaciones a esta Fundaci\u00f3n son deducibles de impuestos.<\/p>\n<p>Si desea que lo contactemos con respecto a una donaci\u00f3n a esta Fundaci\u00f3n o como un regalo al Centro de Retiros de la Santa Cruz en forma de acciones, un legado o una donaci\u00f3n, comun\u00edquese con el Director, el P. Tom Smith OFM Conv. Estaremos m\u00e1s que felices de hablar con usted.  Director@holycrossretreat.org o 575 524-3688, 600 Holy Cross Road, Mesilla Park, NM 88047<\/p>\n<\/div><\/div><\/div><\/div><\/div><\/div><\/div><\/section>","protected":false},"excerpt":{"rendered":"FOMENTANDO UNA ATM\u00d3SFERA EN LA TRADICI\u00d3N FRANCISCANA En 1981, un grupo de alcoh\u00f3licos en recuperaci\u00f3n, ansiosos por poner a disposici\u00f3n de los que les sucedieran las ricas bendiciones espirituales que recibieron durante un retiro en Holy Cross, establecieron una Fundaci\u00f3n para el apoyo del Centro de Retiro . Reflexionando con profunda gratitud, un miembro de ese...","protected":false},"author":1,"featured_media":0,"parent":0,"menu_order":0,"comment_status":"closed","ping_status":"closed","template":"","meta":{"_monsterinsights_skip_tracking":false,"_monsterinsights_sitenote_active":false,"_monsterinsights_sitenote_note":"","_monsterinsights_sitenote_category":0,"footnotes":""},"class_list":["post-7505","page","type-page","status-publish","hentry"],"_links":{"self":[{"href":"https:\/\/holycrossretreat.org\/es\/wp-json\/wp\/v2\/pages\/7505","targetHints":{"allow":["GET"]}}],"collection":[{"href":"https:\/\/holycrossretreat.org\/es\/wp-json\/wp\/v2\/pages"}],"about":[{"href":"https:\/\/holycrossretreat.org\/es\/wp-json\/wp\/v2\/types\/page"}],"author":[{"embeddable":true,"href":"https:\/\/holycrossretreat.org\/es\/wp-json\/wp\/v2\/users\/1"}],"replies":[{"embeddable":true,"href":"https:\/\/holycrossretreat.org\/es\/wp-json\/wp\/v2\/comments?post=7505"}],"version-history":[{"count":4,"href":"https:\/\/holycrossretreat.org\/es\/wp-json\/wp\/v2\/pages\/7505\/revisions"}],"predecessor-version":[{"id":9143,"href":"https:\/\/holycrossretreat.org\/es\/wp-json\/wp\/v2\/pages\/7505\/revisions\/9143"}],"wp:attachment":[{"href":"https:\/\/holycrossretreat.org\/es\/wp-json\/wp\/v2\/media?parent=7505"}],"curies":[{"name":"wp","href":"https:\/\/api.w.org\/{rel}","templated":true}]}}