{"id":6674,"date":"2019-06-03T16:00:19","date_gmt":"2019-06-03T16:00:19","guid":{"rendered":"https:\/\/impreza.us-themes.com\/?page_id=6674"},"modified":"2019-06-03T16:00:19","modified_gmt":"2019-06-03T16:00:19","slug":"interactive-banner","status":"publish","type":"page","link":"https:\/\/holycrossretreat.org\/es\/elements\/interactive-banner\/","title":{"rendered":"Banner interactivo"},"content":{"rendered":"<section class=\"l-section wpb_row height_medium\"><div class=\"l-section-h i-cf\"><div class=\"g-cols vc_row via_flex valign_top type_default stacking_default\"><div class=\"vc_col-sm-6 wpb_column vc_column_container\"><div class=\"vc_column-inner\"><div class=\"wpb_wrapper\"><div class=\"w-ibanner us_custom_0442257f has_text_color animation_soter ratio_3x2 easing_easeInOutCirc\"><a href=\"#\" aria-label=\"SOTER \u00daNICO\"><\/a><div class=\"w-ibanner-h\"><div class=\"w-ibanner-image\" style=\"background-image: url(https:\/\/holycrossretreat.org\/wp-content\/uploads\/2019\/07\/us-placeholder-landscape-1024x683.jpg)\"><\/div><div class=\"w-ibanner-content\"><div class=\"w-ibanner-content-h\"><h2 class=\"w-ibanner-title\">\u00daNICO <strong>SOTER<\/strong><\/h2><div class=\"w-ibanner-desc\"><p>Praesent laoreet ipsum et enim blandit sollicitudin. Aliquam erat volutpat rutrum ipsum enim.<\/p>\n<\/div><\/div><\/div><\/div><\/div><\/div><\/div><\/div><div class=\"vc_col-sm-6 wpb_column vc_column_container\"><div class=\"vc_column-inner\"><div class=\"wpb_wrapper\"><div class=\"w-ibanner us_custom_5decff48 has_text_color animation_soter ratio_3x2 easing_easeInOutCirc\"><a href=\"#\" aria-label=\"SOTER \u00daNICO\"><\/a><div class=\"w-ibanner-h\"><div class=\"w-ibanner-image\" style=\"background-image: url(https:\/\/holycrossretreat.org\/wp-content\/uploads\/2019\/07\/us-placeholder-landscape-1024x683.jpg)\"><\/div><div class=\"w-ibanner-content\"><div class=\"w-ibanner-content-h\"><h2 class=\"w-ibanner-title\">\u00daNICO <strong>SOTER<\/strong><\/h2><div class=\"w-ibanner-desc\"><p>Praesent laoreet ipsum et enim blandit sollicitudin. Aliquam erat volutpat rutrum ipsum enim.<\/p>\n<\/div><\/div><\/div><\/div><\/div><\/div><\/div><\/div><\/div><\/div><\/section><section class=\"l-section wpb_row height_medium\"><div class=\"l-section-h i-cf\"><div class=\"g-cols vc_row via_flex valign_top type_default stacking_default\"><div class=\"vc_col-sm-6 wpb_column vc_column_container\"><div class=\"vc_column-inner\"><div class=\"wpb_wrapper\"><div class=\"w-ibanner us_custom_7d618dd3 has_text_color animation_melete ratio_3x2 easing_ease\"><a href=\"#\" aria-label=\"MELETE CL\u00c1SICO\"><\/a><div class=\"w-ibanner-h\"><div class=\"w-ibanner-image\" style=\"background-image: url(https:\/\/holycrossretreat.org\/wp-content\/uploads\/2019\/07\/us-placeholder-landscape-1024x683.jpg)\"><\/div><div class=\"w-ibanner-content\"><div class=\"w-ibanner-content-h\"><h2 class=\"w-ibanner-title\">CL\u00c1SICO <strong>MELETE<\/strong><\/h2><div class=\"w-ibanner-desc\"><p>Praesent laoreet ipsum et enim blandit sollicitudin. Aliquam erat volutpat. Curabitur rutrum ipsum enim.<\/p>\n<\/div><\/div><\/div><\/div><\/div><\/div><\/div><\/div><div class=\"vc_col-sm-6 wpb_column vc_column_container\"><div class=\"vc_column-inner\"><div class=\"wpb_wrapper\"><div class=\"w-ibanner us_custom_5f8741a1 has_text_color animation_melete ratio_3x2 easing_ease\"><a href=\"#\" aria-label=\"MELETE CL\u00c1SICO\"><\/a><div class=\"w-ibanner-h\"><div class=\"w-ibanner-image\" style=\"background-image: url(https:\/\/holycrossretreat.org\/wp-content\/uploads\/2019\/07\/us-placeholder-landscape-1024x683.jpg)\"><\/div><div class=\"w-ibanner-content\"><div class=\"w-ibanner-content-h\"><h2 class=\"w-ibanner-title\">CL\u00c1SICO <strong>MELETE<\/strong><\/h2><div class=\"w-ibanner-desc\"><p>Praesent laoreet ipsum et enim blandit sollicitudin. Aliquam erat volutpat. Curabitur rutrum ipsum enim.<\/p>\n<\/div><\/div><\/div><\/div><\/div><\/div><\/div><\/div><\/div><\/div><\/section><section class=\"l-section wpb_row height_medium\"><div class=\"l-section-h i-cf\"><div class=\"g-cols vc_row via_flex valign_top type_default stacking_default\"><div class=\"vc_col-sm-6 wpb_column vc_column_container\"><div class=\"vc_column-inner\"><div class=\"wpb_wrapper\"><div class=\"w-ibanner us_custom_b15aed28 has_text_color animation_phorcys ratio_3x2 easing_ease\"><a href=\"#\" aria-label=\"FORCIS NIZA\"><\/a><div class=\"w-ibanner-h\"><div class=\"w-ibanner-image\" style=\"background-image: url(https:\/\/holycrossretreat.org\/wp-content\/uploads\/2019\/07\/us-placeholder-landscape-1024x683.jpg)\"><\/div><div class=\"w-ibanner-content\"><div class=\"w-ibanner-content-h\"><h2 class=\"w-ibanner-title\">LINDO <strong>FORCIS<\/strong><\/h2><div class=\"w-ibanner-desc\"><p>Praesent laoreet ipsum et enim blandit sollicitudin. Aliquam erat volutpat. Curabitur rutrum ipsum enim.<\/p>\n<\/div><\/div><\/div><\/div><\/div><\/div><\/div><\/div><div class=\"vc_col-sm-6 wpb_column vc_column_container\"><div class=\"vc_column-inner\"><div class=\"wpb_wrapper\"><div class=\"w-ibanner us_custom_ad48e82b has_text_color animation_phorcys ratio_3x2 easing_ease\"><a href=\"#\" aria-label=\"FORCIS NIZA\"><\/a><div class=\"w-ibanner-h\"><div class=\"w-ibanner-image\" style=\"background-image: url(https:\/\/holycrossretreat.org\/wp-content\/uploads\/2019\/07\/us-placeholder-landscape-1024x683.jpg)\"><\/div><div class=\"w-ibanner-content\"><div class=\"w-ibanner-content-h\"><h2 class=\"w-ibanner-title\">LINDO <strong>FORCIS<\/strong><\/h2><div class=\"w-ibanner-desc\"><p>Praesent laoreet ipsum et enim blandit sollicitudin. Aliquam erat volutpat. Curabitur rutrum ipsum enim.<\/p>\n<\/div><\/div><\/div><\/div><\/div><\/div><\/div><\/div><\/div><\/div><\/section><section class=\"l-section wpb_row height_medium\"><div class=\"l-section-h i-cf\"><div class=\"g-cols vc_row via_flex valign_top type_default stacking_default\"><div class=\"vc_col-sm-6 wpb_column vc_column_container\"><div class=\"vc_column-inner\"><div class=\"wpb_wrapper\"><div class=\"w-ibanner us_custom_8463ffbf has_text_color animation_aidos ratio_3x2 easing_easeInOutCirc\"><a href=\"#\" aria-label=\"AIDOS FRESCOS\"><\/a><div class=\"w-ibanner-h\"><div class=\"w-ibanner-image\" style=\"background-image: url(https:\/\/holycrossretreat.org\/wp-content\/uploads\/2019\/07\/us-placeholder-landscape-1024x683.jpg)\"><\/div><div class=\"w-ibanner-content\"><div class=\"w-ibanner-content-h\"><h2 class=\"w-ibanner-title\">FRESCO <strong>AIDOS<\/strong><\/h2><div class=\"w-ibanner-desc\"><p>Praesent laoreet ipsum et enim blandit sollicitudin. Aliquam erat volutpat.<\/p>\n<\/div><\/div><\/div><\/div><\/div><\/div><\/div><\/div><div class=\"vc_col-sm-6 wpb_column vc_column_container\"><div class=\"vc_column-inner\"><div class=\"wpb_wrapper\"><div class=\"w-ibanner us_custom_23042e16 has_text_color animation_aidos ratio_3x2 easing_easeInOutCirc\"><a href=\"#\" aria-label=\"AIDOS FRESCOS\"><\/a><div class=\"w-ibanner-h\"><div class=\"w-ibanner-image\" style=\"background-image: url(https:\/\/holycrossretreat.org\/wp-content\/uploads\/2019\/07\/us-placeholder-landscape-1024x683.jpg)\"><\/div><div class=\"w-ibanner-content\"><div class=\"w-ibanner-content-h\"><h2 class=\"w-ibanner-title\">FRESCO <strong>AIDOS<\/strong><\/h2><div class=\"w-ibanner-desc\"><p>Praesent laoreet ipsum et enim blandit sollicitudin. Aliquam erat volutpat.<\/p>\n<\/div><\/div><\/div><\/div><\/div><\/div><\/div><\/div><\/div><\/div><\/section><section class=\"l-section wpb_row height_medium\"><div class=\"l-section-h i-cf\"><div class=\"g-cols vc_row via_flex valign_top type_default stacking_default\"><div class=\"vc_col-sm-6 wpb_column vc_column_container\"><div class=\"vc_column-inner\"><div class=\"wpb_wrapper\"><div class=\"w-ibanner us_custom_c605a9d5 has_text_color animation_caeros ratio_3x2 easing_ease\"><a href=\"#\" aria-label=\"CAEROS LENTOS\"><\/a><div class=\"w-ibanner-h\"><div class=\"w-ibanner-image\" style=\"background-image: url(https:\/\/holycrossretreat.org\/wp-content\/uploads\/2019\/07\/us-placeholder-landscape-1024x683.jpg)\"><\/div><div class=\"w-ibanner-content\"><div class=\"w-ibanner-content-h\"><h2 class=\"w-ibanner-title\">LENTO <strong>CAEROS<\/strong><\/h2><div class=\"w-ibanner-desc\"><p>Mauris porttitor blandit lacinia. Sed eget tristique libero. Suspendisse rutrum ut erat eu viverra. In metus purus, auctor eu ipsum vel, condimentum lacinia massa. Nam pharetra metus vel congue scelerisque. Vivamus suscipit vestibulum urna sit amet laoreet.<\/p>\n<\/div><\/div><\/div><\/div><\/div><\/div><\/div><\/div><div class=\"vc_col-sm-6 wpb_column vc_column_container\"><div class=\"vc_column-inner\"><div class=\"wpb_wrapper\"><div class=\"w-ibanner us_custom_2a3d1a18 has_text_color animation_caeros ratio_3x2 easing_ease\"><a href=\"#\" aria-label=\"CAEROS LENTOS\"><\/a><div class=\"w-ibanner-h\"><div class=\"w-ibanner-image\" style=\"background-image: url(https:\/\/holycrossretreat.org\/wp-content\/uploads\/2019\/07\/us-placeholder-landscape-1024x683.jpg)\"><\/div><div class=\"w-ibanner-content\"><div class=\"w-ibanner-content-h\"><h2 class=\"w-ibanner-title\">LENTO <strong>CAEROS<\/strong><\/h2><div class=\"w-ibanner-desc\"><p>Pellentesque rutrum, felis quis eleifend semper, dolor tortor fermentum arcu, et convallis quam dolor eget tellus. In hac habitasse platea dictumst. Duis id pharetra massa, eget tincidunt urna. Mecenas sem sapien, molestie quis mauris ut, rhoncus pulvinar diam.<\/p>\n<\/div><\/div><\/div><\/div><\/div><\/div><\/div><\/div><\/div><\/div><\/section><section class=\"l-section wpb_row height_medium\"><div class=\"l-section-h i-cf\"><div class=\"g-cols vc_row via_flex valign_top type_default stacking_default\"><div class=\"vc_col-sm-6 wpb_column vc_column_container\"><div class=\"vc_column-inner\"><div class=\"wpb_wrapper\"><div class=\"w-ibanner us_custom_40c208cc has_text_color animation_hebe ratio_3x2 easing_ease align_center\"><a href=\"#\" aria-label=\"HEBE CREATIVO\"><\/a><div class=\"w-ibanner-h\"><div class=\"w-ibanner-image\" style=\"background-image: url(https:\/\/holycrossretreat.org\/wp-content\/uploads\/2019\/07\/us-placeholder-landscape-1024x683.jpg)\"><\/div><div class=\"w-ibanner-content\"><div class=\"w-ibanner-content-h\"><h2 class=\"w-ibanner-title\">CREATIVO <strong>HEBE<\/strong><\/h2><div class=\"w-ibanner-desc\"><p>Praesent laoreet ipsum et enim blandit.<\/p>\n<\/div><\/div><\/div><\/div><\/div><\/div><\/div><\/div><div class=\"vc_col-sm-6 wpb_column vc_column_container\"><div class=\"vc_column-inner\"><div class=\"wpb_wrapper\"><div class=\"w-ibanner us_custom_2461fae2 has_text_color animation_hebe ratio_3x2 easing_ease align_center\"><a href=\"#\" aria-label=\"HEBE CREATIVO\"><\/a><div class=\"w-ibanner-h\"><div class=\"w-ibanner-image\" style=\"background-image: url(https:\/\/holycrossretreat.org\/wp-content\/uploads\/2019\/07\/us-placeholder-landscape-1024x683.jpg)\"><\/div><div class=\"w-ibanner-content\"><div class=\"w-ibanner-content-h\"><h2 class=\"w-ibanner-title\">CREATIVO <strong>HEBE<\/strong><\/h2><div class=\"w-ibanner-desc\"><p>Aliquam erat volutpat ipsum enim.<\/p>\n<\/div><\/div><\/div><\/div><\/div><\/div><\/div><\/div><\/div><\/div><\/section><section class=\"l-section wpb_row height_medium\"><div class=\"l-section-h i-cf\"><div class=\"g-cols vc_row via_flex valign_top type_default stacking_default\"><div class=\"vc_col-sm-6 wpb_column vc_column_container\"><div class=\"vc_column-inner\"><div class=\"wpb_wrapper\"><div class=\"w-ibanner us_custom_8337bb46 has_text_color animation_aphelia ratio_3x2 easing_ease align_center\"><a href=\"#\" aria-label=\"APHELIA DE ENSUE\u00d1O\"><\/a><div class=\"w-ibanner-h\"><div class=\"w-ibanner-image\" style=\"background-image: url(https:\/\/holycrossretreat.org\/wp-content\/uploads\/2019\/07\/us-placeholder-landscape-1024x683.jpg)\"><\/div><div class=\"w-ibanner-content\"><div class=\"w-ibanner-content-h\"><h2 class=\"w-ibanner-title\">SO\u00d1ADOR <strong>APHELIA<\/strong><\/h2><div class=\"w-ibanner-desc\"><p>Praesent laoreet ipsum et enim blandit sollicitudin. Aliquam erat volutpat. Curabitur rutrum ipsum enim.<\/p>\n<\/div><\/div><\/div><\/div><\/div><\/div><\/div><\/div><div class=\"vc_col-sm-6 wpb_column vc_column_container\"><div class=\"vc_column-inner\"><div class=\"wpb_wrapper\"><div class=\"w-ibanner us_custom_c96dae87 has_text_color animation_aphelia ratio_3x2 easing_ease align_center\"><a href=\"#\" aria-label=\"APHELIA DE ENSUE\u00d1O\"><\/a><div class=\"w-ibanner-h\"><div class=\"w-ibanner-image\" style=\"background-image: url(https:\/\/holycrossretreat.org\/wp-content\/uploads\/2019\/07\/us-placeholder-landscape-1024x683.jpg)\"><\/div><div class=\"w-ibanner-content\"><div class=\"w-ibanner-content-h\"><h2 class=\"w-ibanner-title\">SO\u00d1ADOR <strong>APHELIA<\/strong><\/h2><div class=\"w-ibanner-desc\"><p>Praesent laoreet ipsum et enim blandit sollicitudin. Aliquam erat volutpat. Curabitur rutrum ipsum enim.<\/p>\n<\/div><\/div><\/div><\/div><\/div><\/div><\/div><\/div><\/div><\/div><\/section><section class=\"l-section wpb_row height_medium\"><div class=\"l-section-h i-cf\"><div class=\"g-cols vc_row via_flex valign_top type_default stacking_default\"><div class=\"vc_col-sm-6 wpb_column vc_column_container\"><div class=\"vc_column-inner\"><div class=\"wpb_wrapper\"><div class=\"w-ibanner us_custom_ad399430 has_text_color animation_nike ratio_3x2 easing_ease\"><a href=\"#\" aria-label=\"NIKE OSCURO\"><\/a><div class=\"w-ibanner-h\"><div class=\"w-ibanner-image\" style=\"background-image: url(https:\/\/holycrossretreat.org\/wp-content\/uploads\/2019\/07\/us-placeholder-landscape-1024x683.jpg)\"><\/div><div class=\"w-ibanner-content\"><div class=\"w-ibanner-content-h\"><h2 class=\"w-ibanner-title\">OSCURO <strong>NIKE<\/strong><\/h2><div class=\"w-ibanner-desc\"><p>Aliquam erat volutpat. Curabitur rutrum ipsum enim.<\/p>\n<\/div><\/div><\/div><\/div><\/div><\/div><\/div><\/div><div class=\"vc_col-sm-6 wpb_column vc_column_container\"><div class=\"vc_column-inner\"><div class=\"wpb_wrapper\"><div class=\"w-ibanner us_custom_ad399430 has_text_color animation_nike ratio_3x2 easing_ease\"><a href=\"#\" aria-label=\"NIKE OSCURO\"><\/a><div class=\"w-ibanner-h\"><div class=\"w-ibanner-image\" style=\"background-image: url(https:\/\/holycrossretreat.org\/wp-content\/uploads\/2019\/07\/us-placeholder-landscape-1024x683.jpg)\"><\/div><div class=\"w-ibanner-content\"><div class=\"w-ibanner-content-h\"><h2 class=\"w-ibanner-title\">OSCURO <strong>NIKE<\/strong><\/h2><div class=\"w-ibanner-desc\"><p>Praesent laoreet ipsum et enim blandit sollicitudin.<\/p>\n<\/div><\/div><\/div><\/div><\/div><\/div><\/div><\/div><\/div><\/div><\/section>","protected":false},"excerpt":{"rendered":"\u00daNICO SOTERPraesent laoreet ipsum et enim blandit sollicitudin. Aliquam erat volutpat rutrum ipsum enim. \u00daNICO SOTERPraesent laoreet ipsum et enim blandit sollicitudin. Aliquam erat volutpat rutrum ipsum enim. CL\u00c1SICO MELETEPraesent laoreet ipsum et enim blandit sollicitudin. Aliquam erat volutpat. Curabitur rutrum ipsum enim. CL\u00c1SICO MELETEPraesent laoreet ipsum et enim blandit sollicitudin. Aliquam erat volutpat. Curabitur...","protected":false},"author":1,"featured_media":0,"parent":2520,"menu_order":0,"comment_status":"closed","ping_status":"closed","template":"","meta":{"_monsterinsights_skip_tracking":false,"_monsterinsights_sitenote_active":false,"_monsterinsights_sitenote_note":"","_monsterinsights_sitenote_category":0,"footnotes":""},"class_list":["post-6674","page","type-page","status-publish","hentry"],"_links":{"self":[{"href":"https:\/\/holycrossretreat.org\/es\/wp-json\/wp\/v2\/pages\/6674","targetHints":{"allow":["GET"]}}],"collection":[{"href":"https:\/\/holycrossretreat.org\/es\/wp-json\/wp\/v2\/pages"}],"about":[{"href":"https:\/\/holycrossretreat.org\/es\/wp-json\/wp\/v2\/types\/page"}],"author":[{"embeddable":true,"href":"https:\/\/holycrossretreat.org\/es\/wp-json\/wp\/v2\/users\/1"}],"replies":[{"embeddable":true,"href":"https:\/\/holycrossretreat.org\/es\/wp-json\/wp\/v2\/comments?post=6674"}],"version-history":[{"count":0,"href":"https:\/\/holycrossretreat.org\/es\/wp-json\/wp\/v2\/pages\/6674\/revisions"}],"up":[{"embeddable":true,"href":"https:\/\/holycrossretreat.org\/es\/wp-json\/wp\/v2\/pages\/2520"}],"wp:attachment":[{"href":"https:\/\/holycrossretreat.org\/es\/wp-json\/wp\/v2\/media?parent=6674"}],"curies":[{"name":"wp","href":"https:\/\/api.w.org\/{rel}","templated":true}]}}