{"id":4552,"date":"2015-12-28T15:09:36","date_gmt":"2015-12-28T15:09:36","guid":{"rendered":"http:\/\/impreza.us-themes.net\/?page_id=4552"},"modified":"2015-12-28T15:09:36","modified_gmt":"2015-12-28T15:09:36","slug":"message-box","status":"publish","type":"page","link":"https:\/\/holycrossretreat.org\/es\/elements\/message-box\/","title":{"rendered":"Buzon de mensaje"},"content":{"rendered":"<section class=\"l-section wpb_row height_medium\"><div class=\"l-section-h i-cf\"><div class=\"g-cols vc_row via_flex valign_top type_default stacking_default\"><div class=\"vc_col-sm-6 wpb_column vc_column_container\"><div class=\"vc_column-inner\"><div class=\"wpb_wrapper\"><div class=\"w-message color_blue\"><div class=\"w-message-body\"><p>Soy un cuadro de mensaje con <strong>notificaci\u00f3n<\/strong> tipo (azul).<\/p>\n<\/div><\/div><div class=\"w-message color_yellow\"><div class=\"w-message-body\"><p>Soy un cuadro de mensaje con <strong>atenci\u00f3n<\/strong> tipo (amarillo).<\/p>\n<\/div><\/div><div class=\"w-message color_green\"><div class=\"w-message-body\"><p>Soy un cuadro de mensaje con <strong>\u00e9xito<\/strong> tipo (verde).<\/p>\n<\/div><\/div><div class=\"w-message color_red\"><div class=\"w-message-body\"><p>Soy un cuadro de mensaje con <strong>error<\/strong> tipo (rojo).<\/p>\n<\/div><\/div><div class=\"w-message us_custom_7cf5c488 has_text_color color_custom\"><div class=\"w-message-body\"><p>Soy un cuadro de mensaje con <strong>colores personalizados<\/strong>.<\/p>\n<\/div><\/div><\/div><\/div><\/div><div class=\"vc_col-sm-6 wpb_column vc_column_container\"><div class=\"vc_column-inner\"><div class=\"wpb_wrapper\"><div class=\"w-message color_blue with_close\"><div class=\"w-message-body\"><p>Soy un cuadro de mensaje con <strong>notificaci\u00f3n<\/strong> tipo. Puedes cerrarme.<\/p>\n<\/div><button class=\"w-message-close\" type=\"button\" aria-label=\"Cerrar\"><\/button><\/div><div class=\"w-message color_yellow with_close\"><div class=\"w-message-body\"><p>Soy un cuadro de mensaje con <strong>atenci\u00f3n<\/strong> tipo. Puedes cerrarme.<\/p>\n<\/div><button class=\"w-message-close\" type=\"button\" aria-label=\"Cerrar\"><\/button><\/div><div class=\"w-message color_green with_close\"><div class=\"w-message-body\"><p>Soy un cuadro de mensaje con <strong>\u00e9xito<\/strong> tipo. Puedes cerrarme.<\/p>\n<\/div><button class=\"w-message-close\" type=\"button\" aria-label=\"Cerrar\"><\/button><\/div><div class=\"w-message color_red with_close\"><div class=\"w-message-body\"><p>Soy un cuadro de mensaje con <strong>error<\/strong> tipo. Puedes cerrarme.<\/p>\n<\/div><button class=\"w-message-close\" type=\"button\" aria-label=\"Cerrar\"><\/button><\/div><div class=\"w-message us_custom_a957d5e5 has_text_color color_custom with_close\"><div class=\"w-message-body\"><p>Soy un cuadro de mensaje con <strong>colores personalizados<\/strong>. Puedes cerrarme.<\/p>\n<\/div><button class=\"w-message-close\" type=\"button\" aria-label=\"Cerrar\"><\/button><\/div><\/div><\/div><\/div><\/div><\/div><\/section><section class=\"l-section wpb_row height_medium\"><div class=\"l-section-h i-cf\"><div class=\"g-cols vc_row via_flex valign_top type_default stacking_default\"><div class=\"vc_col-sm-6 wpb_column vc_column_container\"><div class=\"vc_column-inner\"><div class=\"wpb_wrapper\"><div class=\"w-message us_custom_9c9abd50 has_text_color color_custom with_icon\"><div class=\"w-message-icon\"><i class=\"far fa-download\"><\/i><\/div><div class=\"w-message-body\"><p>cuadro de mensaje con <strong>colores personalizados<\/strong> y <strong>icono personalizado<\/strong>.<\/p>\n<\/div><\/div><div class=\"w-message us_custom_767896a9 has_text_color color_custom with_icon\"><div class=\"w-message-icon\"><i class=\"far fa-thumbs-up\"><\/i><\/div><div class=\"w-message-body\"><p>Puede agregar cualquier cantidad de texto aqu\u00ed. Suspendisse lobortis sodales. Mecenas en dolor ligula. Vivamus quis volutpat dui, viverra urna. Phasellus nec consequat neque.<\/p>\n<p>Fusce sed ante nec ipsum aliquam venenatis vitae ut dui. Donec sit amet commodo nibh, et commodo mi. Praesent fringilla nisi a erat gravida ullamcorper.<\/p>\n<\/div><\/div><\/div><\/div><\/div><div class=\"vc_col-sm-6 wpb_column vc_column_container\"><div class=\"vc_column-inner\"><div class=\"wpb_wrapper\"><div class=\"w-message us_custom_a905b359 has_text_color color_custom with_icon with_close\"><div class=\"w-message-icon\"><i class=\"far fa-camera\"><\/i><\/div><div class=\"w-message-body\"><p>cuadro de mensaje con <strong>colores personalizados<\/strong> y <strong>icono personalizado<\/strong>.<\/p>\n<\/div><button class=\"w-message-close\" type=\"button\" aria-label=\"Cerrar\"><\/button><\/div><div class=\"w-message us_custom_295d52b4 has_text_color color_custom with_icon with_close\"><div class=\"w-message-icon\"><i class=\"far fa-exclamation\"><\/i><\/div><div class=\"w-message-body\"><p>Puede agregar cualquier cantidad de texto aqu\u00ed. Suspendisse lobortis sodales. Mecenas en dolor ligula. Vivamus quis volutpat dui, viverra urna.<\/p>\n<p>Phasellus nec consequat neque. Fusce sed ante nec ipsum aliquam venenatis vitae ut dui. Donec sit amet commodo nibh, et commodo mi.<\/p>\n<\/div><button class=\"w-message-close\" type=\"button\" aria-label=\"Cerrar\"><\/button><\/div><\/div><\/div><\/div><\/div><\/div><\/section>","protected":false},"excerpt":{"rendered":"Soy un cuadro de mensaje de notificaci\u00f3n (azul). Soy un cuadro de mensaje de atenci\u00f3n (amarillo). Soy un cuadro de mensaje de \u00e9xito (verde). Soy un cuadro de mensaje de error (rojo). Soy un cuadro de mensaje con colores personalizados. Soy un cuadro de mensaje de notificaci\u00f3n. Puedes cerrar...","protected":false},"author":1,"featured_media":0,"parent":2520,"menu_order":0,"comment_status":"closed","ping_status":"closed","template":"","meta":{"_monsterinsights_skip_tracking":false,"_monsterinsights_sitenote_active":false,"_monsterinsights_sitenote_note":"","_monsterinsights_sitenote_category":0,"footnotes":""},"class_list":["post-4552","page","type-page","status-publish","hentry"],"_links":{"self":[{"href":"https:\/\/holycrossretreat.org\/es\/wp-json\/wp\/v2\/pages\/4552","targetHints":{"allow":["GET"]}}],"collection":[{"href":"https:\/\/holycrossretreat.org\/es\/wp-json\/wp\/v2\/pages"}],"about":[{"href":"https:\/\/holycrossretreat.org\/es\/wp-json\/wp\/v2\/types\/page"}],"author":[{"embeddable":true,"href":"https:\/\/holycrossretreat.org\/es\/wp-json\/wp\/v2\/users\/1"}],"replies":[{"embeddable":true,"href":"https:\/\/holycrossretreat.org\/es\/wp-json\/wp\/v2\/comments?post=4552"}],"version-history":[{"count":0,"href":"https:\/\/holycrossretreat.org\/es\/wp-json\/wp\/v2\/pages\/4552\/revisions"}],"up":[{"embeddable":true,"href":"https:\/\/holycrossretreat.org\/es\/wp-json\/wp\/v2\/pages\/2520"}],"wp:attachment":[{"href":"https:\/\/holycrossretreat.org\/es\/wp-json\/wp\/v2\/media?parent=4552"}],"curies":[{"name":"wp","href":"https:\/\/api.w.org\/{rel}","templated":true}]}}