{"id":2,"date":"2020-03-09T20:46:34","date_gmt":"2020-03-10T00:46:34","guid":{"rendered":"https:\/\/holycrossretreat.org\/?page_id=2"},"modified":"2020-03-09T20:46:34","modified_gmt":"2020-03-10T00:46:34","slug":"about","status":"publish","type":"page","link":"https:\/\/holycrossretreat.org\/es\/about\/","title":{"rendered":"Sobre nosotros"},"content":{"rendered":"<div class=\"coblocks-row-55141317562 wp-block-coblocks-row\" data-columns=\"2\" data-layout=\"66-33\"><div class=\"has-no-margin has-no-padding has-medium-gutter is-stacked-on-mobile wp-block-coblocks-row__inner\"><div class=\"wp-block-coblocks-column coblocks-column-55141320246\" style=\"width:60.00%\"><div class=\"has-no-margin has-no-padding wp-block-coblocks-column__inner\"><figure class=\"wp-block-image\"><img decoding=\"async\" alt=\"\" src=\"https:\/\/holycrossretreat.org\/wp-content\/uploads\/2019\/08\/about-us-1.jpg\"><\/figure><\/div><\/div><div class=\"wp-block-coblocks-column coblocks-column-55141320249\" style=\"width:39.00%\"><div class=\"has-no-margin has-no-padding wp-block-coblocks-column__inner\"><h3 class=\"wp-block-heading\">Nuestro enfoque<\/h3><p>Tambi\u00e9n podr\u00eda llamar a este encabezado &quot;Nuestra filosof\u00eda&quot; o &quot;Nuestra visi\u00f3n&quot;. Este es el lugar para hablar sobre lo que lo impulsa a usted y a su negocio y lo que es \u00fanico en su proceso. Lo que escriba aqu\u00ed debe ser algo distinto e interesante sobre su negocio que lo diferencie de otros en la misma industria.<\/p><h3 class=\"wp-block-heading\">Nuestra historia<\/h3><p>Todo negocio tiene un comienzo, y aqu\u00ed es donde hablas del tuyo. La gente quiere saber qu\u00e9 oportunidad vio o c\u00f3mo su pasi\u00f3n lo llev\u00f3 a la creaci\u00f3n de algo nuevo. Habla sobre tus ra\u00edces: la gente quiere saber que tienes algunas.<\/p><\/div><\/div><\/div><\/div><div class=\"wp-block-spacer\" style=\"height:63px\" aria-hidden=\"true\"><\/div><h3 class=\"wp-block-heading\" style=\"text-align:center\">Conocer al equipo<\/h3><p style=\"text-align:center\">Escriba algo sobre las personas que hacen que su negocio funcione o su filosof\u00eda detr\u00e1s del servicio al cliente. \u00bfPor qu\u00e9? Porque la gente quiere saber con qui\u00e9n est\u00e1 haciendo negocios. Es una cosa humana.<\/p><div class=\"has-3-columns wp-block-columns is-layout-flex wp-container-core-columns-is-layout-9d6595d7 wp-block-columns-is-layout-flex\"><div class=\"wp-block-column is-layout-flow wp-block-column-is-layout-flow\"><figure class=\"wp-block-image\"><img decoding=\"async\" alt=\"\" src=\"https:\/\/holycrossretreat.org\/wp-content\/uploads\/2019\/08\/about-us-headshot-1.jpg\"><\/figure><h3 class=\"wp-block-heading\" style=\"text-align:center\">Regan McCook<\/h3><p style=\"text-align:center\"><em>Fundador y jefe ejecutivo<\/em><\/p><p style=\"text-align:center\">Incluye una breve biograf\u00eda con un dato interesante sobre la persona.<\/p><\/div><div class=\"wp-block-column is-layout-flow wp-block-column-is-layout-flow\"><figure class=\"wp-block-image\"><img decoding=\"async\" alt=\"\" src=\"https:\/\/holycrossretreat.org\/wp-content\/uploads\/2019\/08\/about-us-headshot-2.jpg\"><\/figure><h3 class=\"wp-block-heading\" style=\"text-align:center\">eric teagan<\/h3><p style=\"text-align:center\"><em>vicepresidente<\/em><\/p><p style=\"text-align:center\">Incluye una breve biograf\u00eda con un dato interesante sobre la persona.<\/p><\/div><div class=\"wp-block-column is-layout-flow wp-block-column-is-layout-flow\"><figure class=\"wp-block-image\"><img decoding=\"async\" alt=\"\" src=\"https:\/\/holycrossretreat.org\/wp-content\/uploads\/2019\/08\/about-us-headshot-3.jpg\"><\/figure><h3 class=\"wp-block-heading\" style=\"text-align:center\">timoteo barrett<\/h3><p style=\"text-align:center\"><em>director de Finanzas<\/em><\/p><p style=\"text-align:center\">Incluye una breve biograf\u00eda con un dato interesante sobre la persona.<\/p><\/div><\/div><div class=\"wp-block-spacer\" style=\"height:27px\" aria-hidden=\"true\"><\/div><h3 class=\"wp-block-heading\">Pr\u00f3ximos pasos\u2026<\/h3><div class=\"wp-block-coblocks-row coblocks-row-77123959945\" data-columns=\"2\" data-layout=\"66-33\"><div class=\"wp-block-coblocks-row__inner has-medium-gutter has-no-padding has-no-margin is-stacked-on-mobile\"><div class=\"wp-block-coblocks-column coblocks-column-771240515\" style=\"width:66%\"><div class=\"wp-block-coblocks-column__inner has-no-padding has-no-margin\"><p>Esta deber\u00eda ser la llamada a la acci\u00f3n n\u00famero uno de un posible cliente, por ejemplo, solicitar una cotizaci\u00f3n o leer detenidamente su cat\u00e1logo de productos.<\/p><\/div><\/div><div class=\"wp-block-coblocks-column coblocks-column-771240519\" style=\"width:33%\"><div class=\"wp-block-coblocks-column__inner has-no-padding has-no-margin\"><div class=\"wp-block-button aligncenter\"><a href=\"\/es\/contact\/\" class=\"wp-block-button__link\">Llamada a la acci\u00f3n<\/a><\/div><\/div><\/div><\/div><\/div>","protected":false},"excerpt":{"rendered":"<p>Conozca al equipo Escriba algo sobre las personas que hacen que su negocio funcione o su filosof\u00eda detr\u00e1s del servicio al cliente. \u00bfPor qu\u00e9? Porque la gente quiere saber con qui\u00e9n est\u00e1 haciendo negocios. Es una cosa humana. Regan McCook Founder &amp; CEO Incluya una breve biograf\u00eda con un dato interesante sobre la persona. Eric Teagan Vicepresidente Incluir\u2026<\/p>","protected":false},"author":1,"featured_media":0,"parent":0,"menu_order":0,"comment_status":"closed","ping_status":"closed","template":"","meta":{"_monsterinsights_skip_tracking":false,"_monsterinsights_sitenote_active":false,"_monsterinsights_sitenote_note":"","_monsterinsights_sitenote_category":0,"footnotes":""},"class_list":["post-2","page","type-page","status-publish","hentry"],"_links":{"self":[{"href":"https:\/\/holycrossretreat.org\/es\/wp-json\/wp\/v2\/pages\/2","targetHints":{"allow":["GET"]}}],"collection":[{"href":"https:\/\/holycrossretreat.org\/es\/wp-json\/wp\/v2\/pages"}],"about":[{"href":"https:\/\/holycrossretreat.org\/es\/wp-json\/wp\/v2\/types\/page"}],"author":[{"embeddable":true,"href":"https:\/\/holycrossretreat.org\/es\/wp-json\/wp\/v2\/users\/1"}],"replies":[{"embeddable":true,"href":"https:\/\/holycrossretreat.org\/es\/wp-json\/wp\/v2\/comments?post=2"}],"version-history":[{"count":1,"href":"https:\/\/holycrossretreat.org\/es\/wp-json\/wp\/v2\/pages\/2\/revisions"}],"predecessor-version":[{"id":319,"href":"https:\/\/holycrossretreat.org\/es\/wp-json\/wp\/v2\/pages\/2\/revisions\/319"}],"wp:attachment":[{"href":"https:\/\/holycrossretreat.org\/es\/wp-json\/wp\/v2\/media?parent=2"}],"curies":[{"name":"wp","href":"https:\/\/api.w.org\/{rel}","templated":true}]}}